{"id":686,"date":"2013-09-21T07:45:52","date_gmt":"2013-09-21T06:45:52","guid":{"rendered":"http:\/\/lha-khang.fantomas.zsite.ch\/?page_id=686"},"modified":"2013-10-17T07:10:02","modified_gmt":"2013-10-17T06:10:02","slug":"valerie-yang-tze-jiang","status":"publish","type":"page","link":"https:\/\/www.lha-khang.ch\/?page_id=686","title":{"rendered":"VALERIE YANG TZE JIANG"},"content":{"rendered":"<h2>VALERIE YANG TZE JIANG<\/h2>\n<div class=\"divider type_2\"><\/div>\n<div class=\"one_half\"><p><a href=\"http:\/\/lha-khang.fantomas.zsite.ch\/wp-content\/uploads\/2013\/09\/Valerie.jpg\"><img loading=\"lazy\" class=\"aligncenter size-medium wp-image-638\" alt=\"Valerie\" src=\"http:\/\/lha-khang.fantomas.zsite.ch\/wp-content\/uploads\/2013\/09\/Valerie-300x242.jpg\" width=\"300\" height=\"242\" srcset=\"https:\/\/www.lha-khang.ch\/wp-content\/uploads\/2013\/09\/Valerie-300x242.jpg 300w, https:\/\/www.lha-khang.ch\/wp-content\/uploads\/2013\/09\/Valerie-1024x827.jpg 1024w, https:\/\/www.lha-khang.ch\/wp-content\/uploads\/2013\/09\/Valerie-150x121.jpg 150w, https:\/\/www.lha-khang.ch\/wp-content\/uploads\/2013\/09\/Valerie-80x64.jpg 80w, https:\/\/www.lha-khang.ch\/wp-content\/uploads\/2013\/09\/Valerie-235x189.jpg 235w, https:\/\/www.lha-khang.ch\/wp-content\/uploads\/2013\/09\/Valerie.jpg 1181w\" sizes=\"(max-width: 300px) 100vw, 300px\" \/><\/a><\/p>\n<p style=\"padding-left: 60px;\"><span style=\"color: #ff0000;\">Championne Internationale<\/span><br \/>\n<span style=\"color: #ff0000;\">Championne Suisse<\/span><br \/>\n<span style=\"color: #ff0000;\">Championne Luxembourg<\/span><br \/>\n<span style=\"color: #ff0000;\">Championne Europe Centrale 2001 <\/span><br \/>\n<span style=\"color: #ff0000;\">Championne Suisse V\u00e9t\u00e9ran<\/span><\/p>\n<\/div><div class=\"one_half column-last\"><p><a href=\"http:\/\/lha-khang.fantomas.zsite.ch\/wp-content\/uploads\/2013\/09\/Valerie-star-2.jpg\"><img loading=\"lazy\" class=\"aligncenter size-medium wp-image-689\" alt=\"Valerie-star-2\" src=\"http:\/\/lha-khang.fantomas.zsite.ch\/wp-content\/uploads\/2013\/09\/Valerie-star-2-199x300.jpg\" width=\"199\" height=\"300\" srcset=\"https:\/\/www.lha-khang.ch\/wp-content\/uploads\/2013\/09\/Valerie-star-2-199x300.jpg 199w, https:\/\/www.lha-khang.ch\/wp-content\/uploads\/2013\/09\/Valerie-star-2-99x150.jpg 99w, https:\/\/www.lha-khang.ch\/wp-content\/uploads\/2013\/09\/Valerie-star-2-53x80.jpg 53w, https:\/\/www.lha-khang.ch\/wp-content\/uploads\/2013\/09\/Valerie-star-2-156x235.jpg 156w, https:\/\/www.lha-khang.ch\/wp-content\/uploads\/2013\/09\/Valerie-star-2.jpg 533w\" sizes=\"(max-width: 199px) 100vw, 199px\" \/><\/a><\/p>\n<\/div>\r\n\t\t\t<div class=\"clearer\"><\/div><div class=\"animal-left\">\n<ul class=\"animal-list\">\n<li class=\"list-sex\">Femelle<\/li>\n<\/ul>\n<\/div>\n<div class=\"animal-right\">\n<ul class=\"animal-list\">\n<li class=\"list-age\">28.06.1997<\/li>\n<\/ul>\n<\/div>\n<div class=\"animal-full\">\n<ul class=\"animal-list\">\n<li class=\"list-description\"><span style=\"color: #ffffff;\">&#8211;<\/span><\/li>\n<\/ul>\n<\/div>\n<p>SHSB 561910<br \/>\nDH A &#8211; PRA &#8211; LL N\u00e9gatif<\/p>\n<div class=\"one_third\"><p>Meilleure jeune femelle<br \/>\nBesan\u00e7on (F)<br \/>\nVersoix (CH)<br \/>\nColmar (F)<br \/>\nSt.Gall (CH)<br \/>\nSt-Gallen (CH) et Dornbirn (A)<br \/>\nSt-Gall (CH)<br \/>\nDornbirn (A)<br \/>\nBaden (CH)<br \/>\nStuttgart (D)<br \/>\nBasel (CH)<br \/>\nColmar (F)<br \/>\nLausanne (CH)<br \/>\nLausanne (CH)<br \/>\nFribourg (CH)<br \/>\nFribourg (CH)<br \/>\nLuxembourg (L)<br \/>\nColmar (F)<br \/>\nFribourg (CH)<br \/>\nFribourg (CH)<\/p>\n<\/div><div class=\"one_third\"><p>1998<br \/>\n1999<br \/>\n1999<br \/>\n2000<br \/>\n2000<br \/>\n2001<br \/>\n2001<br \/>\n2001<br \/>\n2001<br \/>\n2001<br \/>\n2002<br \/>\n2002<br \/>\n2005<br \/>\n2005<br \/>\n2006<br \/>\n2006<\/p>\n<p>2006<br \/>\n2007<br \/>\n2007<\/p>\n<\/div><div class=\"one_third column-last\"><p>CSST<br \/>\n<span style=\"color: #ff0000;\">BOB<\/span><br \/>\n<span style=\"color: #ff0000;\"> BOB<\/span><br \/>\n<span style=\"color: #ff0000;\"> BOB<\/span><br \/>\n<span style=\"color: #ff0000;\"> BOB<\/span><br \/>\nR-CAC-CACIB<br \/>\nChampion Europe Centrale<br \/>\nCAC-CACIB<br \/>\nCAC<br \/>\nCAC-CACIB-<span style=\"color: #ff0000;\">BOB<\/span><br \/>\nCAC-CACIB<br \/>\nCACIB<br \/>\nMeilleure V\u00e9teran<br \/>\nBOB<br \/>\nMeilleure V\u00e9teran <span style=\"color: #ff0000;\">BOB<\/span><br \/>\nMeilleure V\u00e9teran <span style=\"color: #ff0000;\">BOB<\/span><br \/>\nCACL-CACIB <span style=\"color: #ff0000;\">BOB<\/span><br \/>\nMeilleure Femelle<br \/>\nMeilleure V\u00e9teran<br \/>\nMeilleure V\u00e9teran<\/p>\n<\/div>\r\n\t\t\t<div class=\"clearer\"><\/div><div class=\"one_third\"><p><a href=\"http:\/\/lha-khang.fantomas.zsite.ch\/wp-content\/uploads\/2013\/09\/Best-9-1.jpg\"><img loading=\"lazy\" class=\"aligncenter size-medium wp-image-700\" alt=\"Best-9-1\" src=\"http:\/\/lha-khang.fantomas.zsite.ch\/wp-content\/uploads\/2013\/09\/Best-9-1-300x199.jpg\" width=\"300\" height=\"199\" srcset=\"https:\/\/www.lha-khang.ch\/wp-content\/uploads\/2013\/09\/Best-9-1-300x199.jpg 300w, https:\/\/www.lha-khang.ch\/wp-content\/uploads\/2013\/09\/Best-9-1-150x99.jpg 150w, https:\/\/www.lha-khang.ch\/wp-content\/uploads\/2013\/09\/Best-9-1-434x289.jpg 434w, https:\/\/www.lha-khang.ch\/wp-content\/uploads\/2013\/09\/Best-9-1-80x53.jpg 80w, https:\/\/www.lha-khang.ch\/wp-content\/uploads\/2013\/09\/Best-9-1-235x156.jpg 235w, https:\/\/www.lha-khang.ch\/wp-content\/uploads\/2013\/09\/Best-9-1.jpg 723w\" sizes=\"(max-width: 300px) 100vw, 300px\" \/><\/a><\/p>\n<p><span style=\"color: #ff0000;\">1\u00e8re Groupe 9<\/span><br \/>\n<span style=\"color: #ff0000;\">2\u00e8me Best in Show<\/span><\/p>\n<\/div><div class=\"one_third\"><p><a href=\"http:\/\/lha-khang.fantomas.zsite.ch\/wp-content\/uploads\/2013\/09\/Best-Show-val-2.jpg\"><img loading=\"lazy\" class=\"aligncenter size-medium wp-image-701\" alt=\"Best-Show-val-2\" src=\"http:\/\/lha-khang.fantomas.zsite.ch\/wp-content\/uploads\/2013\/09\/Best-Show-val-2-300x225.jpg\" width=\"300\" height=\"225\" srcset=\"https:\/\/www.lha-khang.ch\/wp-content\/uploads\/2013\/09\/Best-Show-val-2-300x225.jpg 300w, https:\/\/www.lha-khang.ch\/wp-content\/uploads\/2013\/09\/Best-Show-val-2-1024x769.jpg 1024w, https:\/\/www.lha-khang.ch\/wp-content\/uploads\/2013\/09\/Best-Show-val-2-150x112.jpg 150w, https:\/\/www.lha-khang.ch\/wp-content\/uploads\/2013\/09\/Best-Show-val-2-80x60.jpg 80w, https:\/\/www.lha-khang.ch\/wp-content\/uploads\/2013\/09\/Best-Show-val-2-235x176.jpg 235w, https:\/\/www.lha-khang.ch\/wp-content\/uploads\/2013\/09\/Best-Show-val-2.jpg 1182w\" sizes=\"(max-width: 300px) 100vw, 300px\" \/><\/a><\/p>\n<\/div><div class=\"one_third column-last\"><p><a href=\"http:\/\/lha-khang.fantomas.zsite.ch\/wp-content\/uploads\/2013\/09\/val7814.jpg\"><img loading=\"lazy\" class=\"aligncenter size-medium wp-image-702\" alt=\"val7814\" src=\"http:\/\/lha-khang.fantomas.zsite.ch\/wp-content\/uploads\/2013\/09\/val7814-300x205.jpg\" width=\"284\" height=\"205\" \/><\/a>Val\u00e9rie a quitt\u00e9 ceux qui l&rsquo;ont aim\u00e9, pour rejoindre le pays de ses anc\u00eatres \u00e0 l&rsquo;\u00e2ge de 12 ans, apr\u00e8s une tr\u00e8s courte maladie.<\/p>\n<p>Val\u00e9rie tu nous manque terriblement et nous ne t&rsquo;oublierons jamais <a href=\"http:\/\/lha-khang.fantomas.zsite.ch\/wp-content\/uploads\/2013\/09\/2coeurs.gif\"><img loading=\"lazy\" class=\"aligncenter size-full wp-image-705\" alt=\"2coeurs\" src=\"http:\/\/lha-khang.fantomas.zsite.ch\/wp-content\/uploads\/2013\/09\/2coeurs.gif\" width=\"25\" height=\"16\" \/><\/a><\/p>\n<\/div>\r\n\t\t\t<div class=\"clearer\"><\/div><div class=\"divider type_2\"><\/div>\n<p style=\"text-align: center;\"><a class=\"no_thickbox\" href=\"http:\/\/lha-khang.fantomas.zsite.ch\/wp-content\/uploads\/2013\/10\/Ped-Valerie.pdf\"><img loading=\"lazy\" class=\"aligncenter\" alt=\"Pedigree\" src=\"http:\/\/lha-khang.fantomas.zsite.ch\/wp-content\/uploads\/2013\/09\/Galler1.gif\" width=\"127\" height=\"99\" \/><\/a><\/p>\n<div class=\"divider type_2\"><\/div>\n<a href=\"http:\/\/lha-khang.fantomas.zsite.ch\/?page_id=613\" target=\"_self\" style=\"background-color: #575757; border-color: #494949; \" class=\"button small\">NOS CHIENS A LA RETRAITE<\/a>","protected":false},"excerpt":{"rendered":"<p>VALERIE YANG TZE JIANG Femelle 28.06.1997 &#8211; SHSB 561910 DH A &#8211; PRA &#8211; LL N\u00e9gatif<\/p>\n","protected":false},"author":1,"featured_media":0,"parent":0,"menu_order":0,"comment_status":"open","ping_status":"open","template":"","meta":[],"_links":{"self":[{"href":"https:\/\/www.lha-khang.ch\/index.php?rest_route=\/wp\/v2\/pages\/686"}],"collection":[{"href":"https:\/\/www.lha-khang.ch\/index.php?rest_route=\/wp\/v2\/pages"}],"about":[{"href":"https:\/\/www.lha-khang.ch\/index.php?rest_route=\/wp\/v2\/types\/page"}],"author":[{"embeddable":true,"href":"https:\/\/www.lha-khang.ch\/index.php?rest_route=\/wp\/v2\/users\/1"}],"replies":[{"embeddable":true,"href":"https:\/\/www.lha-khang.ch\/index.php?rest_route=%2Fwp%2Fv2%2Fcomments&post=686"}],"version-history":[{"count":15,"href":"https:\/\/www.lha-khang.ch\/index.php?rest_route=\/wp\/v2\/pages\/686\/revisions"}],"predecessor-version":[{"id":1086,"href":"https:\/\/www.lha-khang.ch\/index.php?rest_route=\/wp\/v2\/pages\/686\/revisions\/1086"}],"wp:attachment":[{"href":"https:\/\/www.lha-khang.ch\/index.php?rest_route=%2Fwp%2Fv2%2Fmedia&parent=686"}],"curies":[{"name":"wp","href":"https:\/\/api.w.org\/{rel}","templated":true}]}}