{"id":52,"date":"2013-09-04T06:13:50","date_gmt":"2013-09-04T05:13:50","guid":{"rendered":"http:\/\/lha-khang.fantomas.zsite.ch\/?page_id=52"},"modified":"2020-02-23T13:16:12","modified_gmt":"2020-02-23T12:16:12","slug":"accueil","status":"publish","type":"page","link":"https:\/\/www.lha-khang.ch\/","title":{"rendered":"Accueil"},"content":{"rendered":"<h2 style=\"text-align: center;\">\u00c9levage familiale du Terrier du Tibet depuis 1987<br \/>\nUne grande famille&#8230; tr\u00e8s li\u00e9e&#8230;<\/h2>\n<p><img loading=\"lazy\" class=\"aligncenter size-full wp-image-1652\" src=\"http:\/\/www.lha-khang.ch\/wp-content\/uploads\/2013\/09\/DSC_1948.jpg\" alt=\"DSC_1948\" width=\"959\" height=\"637\" srcset=\"https:\/\/www.lha-khang.ch\/wp-content\/uploads\/2013\/09\/DSC_1948.jpg 959w, https:\/\/www.lha-khang.ch\/wp-content\/uploads\/2013\/09\/DSC_1948-300x199.jpg 300w, https:\/\/www.lha-khang.ch\/wp-content\/uploads\/2013\/09\/DSC_1948-150x99.jpg 150w, https:\/\/www.lha-khang.ch\/wp-content\/uploads\/2013\/09\/DSC_1948-434x289.jpg 434w, https:\/\/www.lha-khang.ch\/wp-content\/uploads\/2013\/09\/DSC_1948-80x53.jpg 80w, https:\/\/www.lha-khang.ch\/wp-content\/uploads\/2013\/09\/DSC_1948-235x156.jpg 235w\" sizes=\"(max-width: 959px) 100vw, 959px\" \/><\/p>\n<div class=\"divider type_2\"><\/div>\n<p style=\"text-align: center;\">\n<div class=\"one_third\"><p><img loading=\"lazy\" class=\"alignnone size-full wp-image-153 alignright\" src=\"http:\/\/lha-khang.fantomas.zsite.ch\/wp-content\/uploads\/2013\/09\/FCI.jpg\" alt=\"FCI\" width=\"95\" height=\"98\" srcset=\"https:\/\/www.lha-khang.ch\/wp-content\/uploads\/2013\/09\/FCI.jpg 95w, https:\/\/www.lha-khang.ch\/wp-content\/uploads\/2013\/09\/FCI-77x80.jpg 77w\" sizes=\"(max-width: 95px) 100vw, 95px\" \/> <img loading=\"lazy\" class=\"alignnone size-full wp-image-154 alignright\" src=\"http:\/\/lha-khang.fantomas.zsite.ch\/wp-content\/uploads\/2013\/09\/SCS.jpg\" alt=\"SCS\" width=\"95\" height=\"98\" srcset=\"https:\/\/www.lha-khang.ch\/wp-content\/uploads\/2013\/09\/SCS.jpg 95w, https:\/\/www.lha-khang.ch\/wp-content\/uploads\/2013\/09\/SCS-77x80.jpg 77w\" sizes=\"(max-width: 95px) 100vw, 95px\" \/><\/p>\n<\/div><\/p>\n<div class=\"two_thirds column-last\"><p><strong>Insigne<\/strong> d&rsquo;or de la Soci\u00e9t\u00e9 Canine Suisse (SCS)<br \/>\nMembre du Club Suisse du Terrier du Tibet (CSTT)<br \/>\nMembre de l&rsquo;Association romande des \u00e9leveurs de chiens de race (ARECR)<br \/>\nMembre du Club des Chiens Tibetains de France (CCTF)<\/p>\n<\/div>\r\n\t\t\t<div class=\"clearer\"><\/div><div class=\"divider type_2\"><\/div>\n<style>      #bwg_container1_0 #bwg_container2_0 .bwg_standart_thumbnails_0 * {        -moz-box-sizing: border-box;        box-sizing: border-box;      }      #bwg_container1_0 #bwg_container2_0 .bwg_standart_thumb_spun1_0 {        -moz-box-sizing: content-box;        box-sizing: content-box;        background-color: #FFFFFF;        display: inline-block;        height: 160px;        margin: 4px;        padding: 0px;        opacity: 1.00;        filter: Alpha(opacity=100);        text-align: center;        vertical-align: middle;        transition: all 0.3s ease 0s;-webkit-transition: all 0.3s ease 0s;        width: 270px;        z-index: 100;      }      #bwg_container1_0 #bwg_container2_0 .bwg_standart_thumb_spun1_0:hover {        -ms-transform: scale(1.1);        -webkit-transform: scale(1.1);        backface-visibility: hidden;        -webkit-backface-visibility: hidden;        -moz-backface-visibility: hidden;        -ms-backface-visibility: hidden;        opacity: 1;        filter: Alpha(opacity=100);        transform: scale(1.1);        z-index: 102;        position: relative;      }      #bwg_container1_0 #bwg_container2_0 .bwg_standart_thumb_spun2_0 {        border: 0px none #CCCCCC;        border-radius: 0;        box-shadow: 0px 0px 0px #888888;        display: inline-block;        height: 160px;        overflow: hidden;        width: 270px;      }      #bwg_container1_0 #bwg_container2_0 .bwg_standart_thumbnails_0 {        background-color: rgba(230, 230, 230, 0.00);        display: inline-block;        font-size: 0;        max-width: 1128px;        text-align: center;      }      #bwg_container1_0 #bwg_container2_0 .bwg_standart_thumbnails_0 a {        border: none;        cursor: pointer;        text-decoration: none;      }      #bwg_container1_0 #bwg_container2_0 .bwg_standart_thumb_0 {        display: inline-block;        text-align: center;      }            #bwg_container1_0 #bwg_container2_0 .bwg_standart_thumb_spun1_0:hover .bwg_title_spun1_0 {        left: 0px;        top: 0px;        opacity: 1;        filter: Alpha(opacity=100);      }      #bwg_container1_0 #bwg_container2_0 .bwg_title_spun2_0 {        color: #CCCCCC;        display: table-cell;        font-family: segoe ui;        font-size: 16px;        font-weight: bold;        height: inherit;        padding: 2px;        text-shadow: 0px 0px 0px #888888;        vertical-align: middle;        width: inherit;        word-wrap: break-word;      }      \/*pagination styles*\/      #bwg_container1_0 #bwg_container2_0 .tablenav-pages_0 {        text-align: center;        font-size: 12px;        font-family: segoe ui;        font-weight: bold;        color: #666666;        margin: 6px 0 4px;        display: block;        height: 30px;        line-height: 30px;      }      @media only screen and (max-width : 320px) {        #bwg_container1_0 #bwg_container2_0 .displaying-num_0 {          display: none;        }      }      #bwg_container1_0 #bwg_container2_0 .displaying-num_0 {        font-size: 12px;        font-family: segoe ui;        font-weight: bold;        color: #666666;        margin-right: 10px;        vertical-align: middle;      }      #bwg_container1_0 #bwg_container2_0 .paging-input_0 {        font-size: 12px;        font-family: segoe ui;        font-weight: bold;        color: #666666;        vertical-align: middle;      }      #bwg_container1_0 #bwg_container2_0 .tablenav-pages_0 a.disabled,      #bwg_container1_0 #bwg_container2_0 .tablenav-pages_0 a.disabled:hover,      #bwg_container1_0 #bwg_container2_0 .tablenav-pages_0 a.disabled:focus {        cursor: default;        color: rgba(102, 102, 102, 0.5);      }      #bwg_container1_0 #bwg_container2_0 .tablenav-pages_0 a {        cursor: pointer;        font-size: 12px;        font-family: segoe ui;        font-weight: bold;        color: #666666;        text-decoration: none;        padding: 3px 6px;        margin: 0;        border-radius: 0;        border-style: solid;        border-width: 1px;        border-color: #E3E3E3;        background-color: #FFFFFF;        opacity: 1.00;        filter: Alpha(opacity=100);        box-shadow: 0;        transition: all 0.3s ease 0s;-webkit-transition: all 0.3s ease 0s;      }      #bwg_container1_0 #bwg_container2_0 .bwg_back_0 {        background-color: rgba(0, 0, 0, 0);        color: #000000 !important;        cursor: pointer;        display: block;        font-family: segoe ui;        font-size: 16px;        font-weight: bold;        text-decoration: none;        padding: 0;      }      #bwg_container1_0 #bwg_container2_0 #spider_popup_overlay_0 {        background-color: #000000;        opacity: 0.70;        filter: Alpha(opacity=70);      }     .bwg_play_icon_spun_0\t {        width: inherit;        height: inherit;        display: table;        position: absolute;      }\t      .bwg_play_icon_0 {        color: #CCCCCC;        font-size: 32px;        vertical-align: middle;        display: table-cell !important;        z-index: 1;        text-align: center;        margin: 0 auto;      }    <\/style>\n<div id=\"bwg_container1_0\">\n<div id=\"bwg_container2_0\">\n<form id=\"gal_front_form_0\" method=\"post\" action=\"#\">\n<div class=\"bwg_back_0\"><\/div>\n<div style=\"background-color:rgba(0, 0, 0, 0); text-align: center; width:100%; position: relative;\">\n<div id=\"ajax_loading_0\" style=\"position:absolute;width: 100%; z-index: 115; text-align: center; height: 100%; vertical-align: middle; display:none;\">\n<div style=\"display: table; vertical-align: middle; width: 100%; height: 100%; background-color: #FFFFFF; opacity: 0.7; filter: Alpha(opacity=70);\">\n<div style=\"display: table-cell; text-align: center; position: relative; vertical-align: middle;\" >\n<div id=\"loading_div_0\" style=\"display: inline-block; text-align:center; position:relative; vertical-align: middle;\">                    <img src=\"https:\/\/www.lha-khang.ch\/wp-content\/plugins\/photo-gallery\/images\/ajax_loader.png\" class=\"spider_ajax_loading\" style=\"float: none; width:50px;\">                  <\/div>\n<\/p><\/div>\n<\/p><\/div>\n<\/p><\/div>\n<div id=\"bwg_standart_thumbnails_0\" class=\"bwg_standart_thumbnails_0\">                              <a style=\"font-size: 0;\" onclick=\"spider_createpopup('https:\/\/www.lha-khang.ch\/wp-admin\/admin-ajax.php?tag_id=0&#038;action=GalleryBox&#038;current_view=0&#038;gallery_id=1&#038;theme_id=1&#038;thumb_width=270&#038;thumb_height=160&#038;open_with_fullscreen=0&#038;open_with_autoplay=0&#038;image_width=800&#038;image_height=500&#038;image_effect=fade&#038;sort_by=order&#038;order_by= asc &#038;enable_image_filmstrip=0&#038;image_filmstrip_height=50&#038;enable_image_ctrl_btn=1&#038;enable_image_fullscreen=1&#038;popup_enable_info=1&#038;popup_info_always_show=0&#038;popup_info_full_width=0&#038;popup_hit_counter=0&#038;popup_enable_rate=0&#038;slideshow_interval=5&#038;enable_comment_social=0&#038;enable_image_facebook=0&#038;enable_image_twitter=0&#038;enable_image_google=0&#038;enable_image_pinterest=0&#038;enable_image_tumblr=0&#038;watermark_type=none&#038;image_id=49', 0, 800, 500, 1, 'testpopup', 5); return false;\">                  <span class=\"bwg_standart_thumb_0\">                                        <span class=\"bwg_standart_thumb_spun1_0\">                      <span class=\"bwg_standart_thumb_spun2_0\">                                                <img class=\"bwg_standart_thumb_img_0\" style=\"max-height: none !important;  max-width: none !important; padding: 0 !important; width:270px; height:270px; margin-left: 0px; margin-top: -55px;\" id=\"49\" src=\"https:\/\/www.lha-khang.ch\/wp-content\/uploads\/photo-gallery\/Accueil\/thumb\/sa-ri-ta-062-1.jpg\" alt=\"sa-ri-ta-062-1\" \/>                      <\/span>                    <\/span>                                      <\/span>                <\/a>                                <a style=\"font-size: 0;\" onclick=\"spider_createpopup('https:\/\/www.lha-khang.ch\/wp-admin\/admin-ajax.php?tag_id=0&#038;action=GalleryBox&#038;current_view=0&#038;gallery_id=1&#038;theme_id=1&#038;thumb_width=270&#038;thumb_height=160&#038;open_with_fullscreen=0&#038;open_with_autoplay=0&#038;image_width=800&#038;image_height=500&#038;image_effect=fade&#038;sort_by=order&#038;order_by= asc &#038;enable_image_filmstrip=0&#038;image_filmstrip_height=50&#038;enable_image_ctrl_btn=1&#038;enable_image_fullscreen=1&#038;popup_enable_info=1&#038;popup_info_always_show=0&#038;popup_info_full_width=0&#038;popup_hit_counter=0&#038;popup_enable_rate=0&#038;slideshow_interval=5&#038;enable_comment_social=0&#038;enable_image_facebook=0&#038;enable_image_twitter=0&#038;enable_image_google=0&#038;enable_image_pinterest=0&#038;enable_image_tumblr=0&#038;watermark_type=none&#038;image_id=48', 0, 800, 500, 1, 'testpopup', 5); return false;\">                  <span class=\"bwg_standart_thumb_0\">                                        <span class=\"bwg_standart_thumb_spun1_0\">                      <span class=\"bwg_standart_thumb_spun2_0\">                                                <img class=\"bwg_standart_thumb_img_0\" style=\"max-height: none !important;  max-width: none !important; padding: 0 !important; width:270px; height:179.1px; margin-left: 0px; margin-top: -9.55px;\" id=\"48\" src=\"https:\/\/www.lha-khang.ch\/wp-content\/uploads\/photo-gallery\/Accueil\/thumb\/noel-2010-034-1.jpg\" alt=\"noel-2010-034-1\" \/>                      <\/span>                    <\/span>                                      <\/span>                <\/a>                                <a style=\"font-size: 0;\" onclick=\"spider_createpopup('https:\/\/www.lha-khang.ch\/wp-admin\/admin-ajax.php?tag_id=0&#038;action=GalleryBox&#038;current_view=0&#038;gallery_id=1&#038;theme_id=1&#038;thumb_width=270&#038;thumb_height=160&#038;open_with_fullscreen=0&#038;open_with_autoplay=0&#038;image_width=800&#038;image_height=500&#038;image_effect=fade&#038;sort_by=order&#038;order_by= asc &#038;enable_image_filmstrip=0&#038;image_filmstrip_height=50&#038;enable_image_ctrl_btn=1&#038;enable_image_fullscreen=1&#038;popup_enable_info=1&#038;popup_info_always_show=0&#038;popup_info_full_width=0&#038;popup_hit_counter=0&#038;popup_enable_rate=0&#038;slideshow_interval=5&#038;enable_comment_social=0&#038;enable_image_facebook=0&#038;enable_image_twitter=0&#038;enable_image_google=0&#038;enable_image_pinterest=0&#038;enable_image_tumblr=0&#038;watermark_type=none&#038;image_id=47', 0, 800, 500, 1, 'testpopup', 5); return false;\">                  <span class=\"bwg_standart_thumb_0\">                                        <span class=\"bwg_standart_thumb_spun1_0\">                      <span class=\"bwg_standart_thumb_spun2_0\">                                                <img class=\"bwg_standart_thumb_img_0\" style=\"max-height: none !important;  max-width: none !important; padding: 0 !important; width:270px; height:180px; margin-left: 0px; margin-top: -10px;\" id=\"47\" src=\"https:\/\/www.lha-khang.ch\/wp-content\/uploads\/photo-gallery\/Accueil\/thumb\/img_2629-1.jpg\" alt=\"img_2629-1\" \/>                      <\/span>                    <\/span>                                      <\/span>                <\/a>                                <a style=\"font-size: 0;\" onclick=\"spider_createpopup('https:\/\/www.lha-khang.ch\/wp-admin\/admin-ajax.php?tag_id=0&#038;action=GalleryBox&#038;current_view=0&#038;gallery_id=1&#038;theme_id=1&#038;thumb_width=270&#038;thumb_height=160&#038;open_with_fullscreen=0&#038;open_with_autoplay=0&#038;image_width=800&#038;image_height=500&#038;image_effect=fade&#038;sort_by=order&#038;order_by= asc &#038;enable_image_filmstrip=0&#038;image_filmstrip_height=50&#038;enable_image_ctrl_btn=1&#038;enable_image_fullscreen=1&#038;popup_enable_info=1&#038;popup_info_always_show=0&#038;popup_info_full_width=0&#038;popup_hit_counter=0&#038;popup_enable_rate=0&#038;slideshow_interval=5&#038;enable_comment_social=0&#038;enable_image_facebook=0&#038;enable_image_twitter=0&#038;enable_image_google=0&#038;enable_image_pinterest=0&#038;enable_image_tumblr=0&#038;watermark_type=none&#038;image_id=46', 0, 800, 500, 1, 'testpopup', 5); return false;\">                  <span class=\"bwg_standart_thumb_0\">                                        <span class=\"bwg_standart_thumb_spun1_0\">                      <span class=\"bwg_standart_thumb_spun2_0\">                                                <img class=\"bwg_standart_thumb_img_0\" style=\"max-height: none !important;  max-width: none !important; padding: 0 !important; width:270px; height:180px; margin-left: 0px; margin-top: -10px;\" id=\"46\" src=\"https:\/\/www.lha-khang.ch\/wp-content\/uploads\/photo-gallery\/Accueil\/thumb\/dsc_6058_1.jpg\" alt=\"dsc_6058_1\" \/>                      <\/span>                    <\/span>                                      <\/span>                <\/a>                                <a style=\"font-size: 0;\" onclick=\"spider_createpopup('https:\/\/www.lha-khang.ch\/wp-admin\/admin-ajax.php?tag_id=0&#038;action=GalleryBox&#038;current_view=0&#038;gallery_id=1&#038;theme_id=1&#038;thumb_width=270&#038;thumb_height=160&#038;open_with_fullscreen=0&#038;open_with_autoplay=0&#038;image_width=800&#038;image_height=500&#038;image_effect=fade&#038;sort_by=order&#038;order_by= asc &#038;enable_image_filmstrip=0&#038;image_filmstrip_height=50&#038;enable_image_ctrl_btn=1&#038;enable_image_fullscreen=1&#038;popup_enable_info=1&#038;popup_info_always_show=0&#038;popup_info_full_width=0&#038;popup_hit_counter=0&#038;popup_enable_rate=0&#038;slideshow_interval=5&#038;enable_comment_social=0&#038;enable_image_facebook=0&#038;enable_image_twitter=0&#038;enable_image_google=0&#038;enable_image_pinterest=0&#038;enable_image_tumblr=0&#038;watermark_type=none&#038;image_id=45', 0, 800, 500, 1, 'testpopup', 5); return false;\">                  <span class=\"bwg_standart_thumb_0\">                                        <span class=\"bwg_standart_thumb_spun1_0\">                      <span class=\"bwg_standart_thumb_spun2_0\">                                                <img class=\"bwg_standart_thumb_img_0\" style=\"max-height: none !important;  max-width: none !important; padding: 0 !important; width:270px; height:179.1px; margin-left: 0px; margin-top: -9.55px;\" id=\"45\" src=\"https:\/\/www.lha-khang.ch\/wp-content\/uploads\/photo-gallery\/Accueil\/thumb\/dsc_0375-1.jpg\" alt=\"dsc_0375-1\" \/>                      <\/span>                    <\/span>                                      <\/span>                <\/a>                                <a style=\"font-size: 0;\" onclick=\"spider_createpopup('https:\/\/www.lha-khang.ch\/wp-admin\/admin-ajax.php?tag_id=0&#038;action=GalleryBox&#038;current_view=0&#038;gallery_id=1&#038;theme_id=1&#038;thumb_width=270&#038;thumb_height=160&#038;open_with_fullscreen=0&#038;open_with_autoplay=0&#038;image_width=800&#038;image_height=500&#038;image_effect=fade&#038;sort_by=order&#038;order_by= asc &#038;enable_image_filmstrip=0&#038;image_filmstrip_height=50&#038;enable_image_ctrl_btn=1&#038;enable_image_fullscreen=1&#038;popup_enable_info=1&#038;popup_info_always_show=0&#038;popup_info_full_width=0&#038;popup_hit_counter=0&#038;popup_enable_rate=0&#038;slideshow_interval=5&#038;enable_comment_social=0&#038;enable_image_facebook=0&#038;enable_image_twitter=0&#038;enable_image_google=0&#038;enable_image_pinterest=0&#038;enable_image_tumblr=0&#038;watermark_type=none&#038;image_id=44', 0, 800, 500, 1, 'testpopup', 5); return false;\">                  <span class=\"bwg_standart_thumb_0\">                                        <span class=\"bwg_standart_thumb_spun1_0\">                      <span class=\"bwg_standart_thumb_spun2_0\">                                                <img class=\"bwg_standart_thumb_img_0\" style=\"max-height: none !important;  max-width: none !important; padding: 0 !important; width:270px; height:179.1px; margin-left: 0px; margin-top: -9.55px;\" id=\"44\" src=\"https:\/\/www.lha-khang.ch\/wp-content\/uploads\/photo-gallery\/Accueil\/thumb\/dsc_0371-1.jpg\" alt=\"dsc_0371-1\" \/>                      <\/span>                    <\/span>                                      <\/span>                <\/a>                                <a style=\"font-size: 0;\" onclick=\"spider_createpopup('https:\/\/www.lha-khang.ch\/wp-admin\/admin-ajax.php?tag_id=0&#038;action=GalleryBox&#038;current_view=0&#038;gallery_id=1&#038;theme_id=1&#038;thumb_width=270&#038;thumb_height=160&#038;open_with_fullscreen=0&#038;open_with_autoplay=0&#038;image_width=800&#038;image_height=500&#038;image_effect=fade&#038;sort_by=order&#038;order_by= asc &#038;enable_image_filmstrip=0&#038;image_filmstrip_height=50&#038;enable_image_ctrl_btn=1&#038;enable_image_fullscreen=1&#038;popup_enable_info=1&#038;popup_info_always_show=0&#038;popup_info_full_width=0&#038;popup_hit_counter=0&#038;popup_enable_rate=0&#038;slideshow_interval=5&#038;enable_comment_social=0&#038;enable_image_facebook=0&#038;enable_image_twitter=0&#038;enable_image_google=0&#038;enable_image_pinterest=0&#038;enable_image_tumblr=0&#038;watermark_type=none&#038;image_id=43', 0, 800, 500, 1, 'testpopup', 5); return false;\">                  <span class=\"bwg_standart_thumb_0\">                                        <span class=\"bwg_standart_thumb_spun1_0\">                      <span class=\"bwg_standart_thumb_spun2_0\">                                                <img class=\"bwg_standart_thumb_img_0\" style=\"max-height: none !important;  max-width: none !important; padding: 0 !important; width:270px; height:179.1px; margin-left: 0px; margin-top: -9.55px;\" id=\"43\" src=\"https:\/\/www.lha-khang.ch\/wp-content\/uploads\/photo-gallery\/Accueil\/thumb\/dsc_0078.jpg\" alt=\"dsc_0078\" \/>                      <\/span>                    <\/span>                                      <\/span>                <\/a>                                <a style=\"font-size: 0;\" onclick=\"spider_createpopup('https:\/\/www.lha-khang.ch\/wp-admin\/admin-ajax.php?tag_id=0&#038;action=GalleryBox&#038;current_view=0&#038;gallery_id=1&#038;theme_id=1&#038;thumb_width=270&#038;thumb_height=160&#038;open_with_fullscreen=0&#038;open_with_autoplay=0&#038;image_width=800&#038;image_height=500&#038;image_effect=fade&#038;sort_by=order&#038;order_by= asc &#038;enable_image_filmstrip=0&#038;image_filmstrip_height=50&#038;enable_image_ctrl_btn=1&#038;enable_image_fullscreen=1&#038;popup_enable_info=1&#038;popup_info_always_show=0&#038;popup_info_full_width=0&#038;popup_hit_counter=0&#038;popup_enable_rate=0&#038;slideshow_interval=5&#038;enable_comment_social=0&#038;enable_image_facebook=0&#038;enable_image_twitter=0&#038;enable_image_google=0&#038;enable_image_pinterest=0&#038;enable_image_tumblr=0&#038;watermark_type=none&#038;image_id=42', 0, 800, 500, 1, 'testpopup', 5); return false;\">                  <span class=\"bwg_standart_thumb_0\">                                        <span class=\"bwg_standart_thumb_spun1_0\">                      <span class=\"bwg_standart_thumb_spun2_0\">                                                <img class=\"bwg_standart_thumb_img_0\" style=\"max-height: none !important;  max-width: none !important; padding: 0 !important; width:270px; height:252px; margin-left: 0px; margin-top: -46px;\" id=\"42\" src=\"https:\/\/www.lha-khang.ch\/wp-content\/uploads\/photo-gallery\/Accueil\/thumb\/divers-032-1.jpg\" alt=\"divers-032-1\" \/>                      <\/span>                    <\/span>                                      <\/span>                <\/a>                                <a style=\"font-size: 0;\" onclick=\"spider_createpopup('https:\/\/www.lha-khang.ch\/wp-admin\/admin-ajax.php?tag_id=0&#038;action=GalleryBox&#038;current_view=0&#038;gallery_id=1&#038;theme_id=1&#038;thumb_width=270&#038;thumb_height=160&#038;open_with_fullscreen=0&#038;open_with_autoplay=0&#038;image_width=800&#038;image_height=500&#038;image_effect=fade&#038;sort_by=order&#038;order_by= asc &#038;enable_image_filmstrip=0&#038;image_filmstrip_height=50&#038;enable_image_ctrl_btn=1&#038;enable_image_fullscreen=1&#038;popup_enable_info=1&#038;popup_info_always_show=0&#038;popup_info_full_width=0&#038;popup_hit_counter=0&#038;popup_enable_rate=0&#038;slideshow_interval=5&#038;enable_comment_social=0&#038;enable_image_facebook=0&#038;enable_image_twitter=0&#038;enable_image_google=0&#038;enable_image_pinterest=0&#038;enable_image_tumblr=0&#038;watermark_type=none&#038;image_id=41', 0, 800, 500, 1, 'testpopup', 5); return false;\">                  <span class=\"bwg_standart_thumb_0\">                                        <span class=\"bwg_standart_thumb_spun1_0\">                      <span class=\"bwg_standart_thumb_spun2_0\">                                                <img class=\"bwg_standart_thumb_img_0\" style=\"max-height: none !important;  max-width: none !important; padding: 0 !important; width:270px; height:202.5px; margin-left: 0px; margin-top: -21.25px;\" id=\"41\" src=\"https:\/\/www.lha-khang.ch\/wp-content\/uploads\/photo-gallery\/Accueil\/thumb\/017-copie-1.jpg\" alt=\"017-copie-1\" \/>                      <\/span>                    <\/span>                                      <\/span>                <\/a>                            <\/div>\n<p>                <script type=\"text\/javascript\">      function spider_page_0(cur, x, y) {        if (jQuery(cur).hasClass('disabled')) {          return false;        }        var items_county_0 = 1;        switch (y) {          case 1:            if (x >= items_county_0) {              document.getElementById('page_number_0').value = items_county_0;            }            else {              document.getElementById('page_number_0').value = x + 1;            }            break;          case 2:            document.getElementById('page_number_0').value = items_county_0;            break;          case -1:            if (x == 1) {              document.getElementById('page_number_0').value = 1;            }            else {              document.getElementById('page_number_0').value = x - 1;            }            break;          case -2:            document.getElementById('page_number_0').value = 1;            break;          default:            document.getElementById('page_number_0').value = 1;        }        spider_frontend_ajax('gal_front_form_0', '0', 'bwg_standart_thumbnails_0', '0', '', 'album', 0);      }    <\/script>    <\/p>\n<div class=\"tablenav-pages_0\">            <input type=\"hidden\" id=\"page_number_0\" name=\"page_number_0\" value=\"1\" \/>    <\/div>\n<\/p><\/div>\n<\/p><\/form>\n<div id=\"spider_popup_loading_0\" class=\"spider_popup_loading\"><\/div>\n<div id=\"spider_popup_overlay_0\" class=\"spider_popup_overlay\" onclick=\"spider_destroypopup(1000)\"><\/div>\n<\/p><\/div>\n<\/p><\/div>\n<p>    <script>      var bwg_current_url = 'https:\/\/www.lha-khang.ch';            var bwg_hash = window.location.hash.substring(1);      if (bwg_hash) {        if (bwg_hash.indexOf(\"bwg\") != \"-1\") {          bwg_hash_array = bwg_hash.replace(\"bwg\", \"\").split(\"\/\");          spider_createpopup('https:\/\/www.lha-khang.ch\/wp-admin\/admin-ajax.php?tag_id=0&action=GalleryBox&current_view=0&gallery_id=1&theme_id=1&thumb_width=270&thumb_height=160&open_with_fullscreen=0&open_with_autoplay=0&image_width=800&image_height=500&image_effect=fade&sort_by=order&order_by= asc &enable_image_filmstrip=0&image_filmstrip_height=50&enable_image_ctrl_btn=1&enable_image_fullscreen=1&popup_enable_info=1&popup_info_always_show=0&popup_info_full_width=0&popup_hit_counter=0&popup_enable_rate=0&slideshow_interval=5&enable_comment_social=0&enable_image_facebook=0&enable_image_twitter=0&enable_image_google=0&enable_image_pinterest=0&enable_image_tumblr=0&watermark_type=none&image_id=' + bwg_hash_array[1], '0', '800', '500', 1, 'testpopup', 5);        }      }          <\/script>    <\/p>\n<div class=\"divider type_2\"><\/div>\n","protected":false},"excerpt":{"rendered":"<p>\u00c9levage familiale du Terrier du Tibet depuis 1987 Une grande famille&#8230; tr\u00e8s li\u00e9e&#8230;<\/p>\n","protected":false},"author":1,"featured_media":0,"parent":0,"menu_order":0,"comment_status":"open","ping_status":"open","template":"template-homepage-with-slider.php","meta":[],"_links":{"self":[{"href":"https:\/\/www.lha-khang.ch\/index.php?rest_route=\/wp\/v2\/pages\/52"}],"collection":[{"href":"https:\/\/www.lha-khang.ch\/index.php?rest_route=\/wp\/v2\/pages"}],"about":[{"href":"https:\/\/www.lha-khang.ch\/index.php?rest_route=\/wp\/v2\/types\/page"}],"author":[{"embeddable":true,"href":"https:\/\/www.lha-khang.ch\/index.php?rest_route=\/wp\/v2\/users\/1"}],"replies":[{"embeddable":true,"href":"https:\/\/www.lha-khang.ch\/index.php?rest_route=%2Fwp%2Fv2%2Fcomments&post=52"}],"version-history":[{"count":65,"href":"https:\/\/www.lha-khang.ch\/index.php?rest_route=\/wp\/v2\/pages\/52\/revisions"}],"predecessor-version":[{"id":2984,"href":"https:\/\/www.lha-khang.ch\/index.php?rest_route=\/wp\/v2\/pages\/52\/revisions\/2984"}],"wp:attachment":[{"href":"https:\/\/www.lha-khang.ch\/index.php?rest_route=%2Fwp%2Fv2%2Fmedia&parent=52"}],"curies":[{"name":"wp","href":"https:\/\/api.w.org\/{rel}","templated":true}]}}