{"id":3413,"date":"2021-11-17T14:37:02","date_gmt":"2021-11-17T13:37:02","guid":{"rendered":"http:\/\/www.lha-khang.ch\/?page_id=3413"},"modified":"2023-11-15T07:39:21","modified_gmt":"2023-11-15T06:39:21","slug":"retraite","status":"publish","type":"page","link":"https:\/\/www.lha-khang.ch\/?page_id=3413","title":{"rendered":"Retraite"},"content":{"rendered":"<p>[vc_row][vc_column][vc_column_text]<\/p>\n<h2 style=\"text-align: center;\">NOS CHIENS \u00c0 LA RETRAITE<\/h2>\n<p style=\"text-align: center;\"><img loading=\"lazy\" class=\"aligncenter size-full wp-image-647\" src=\"http:\/\/www.lha-khang.ch\/wp-content\/uploads\/2013\/09\/priere.gif\" alt=\"\" width=\"68\" height=\"97\" srcset=\"https:\/\/www.lha-khang.ch\/wp-content\/uploads\/2013\/09\/priere.gif 68w, https:\/\/www.lha-khang.ch\/wp-content\/uploads\/2013\/09\/priere-56x80.gif 56w\" sizes=\"(max-width: 68px) 100vw, 68px\" \/><\/p>\n<p>[\/vc_column_text][vc_separator][vc_column_text]<img loading=\"lazy\" class=\"aligncenter size-full wp-image-635\" src=\"http:\/\/www.lha-khang.ch\/wp-content\/uploads\/2013\/09\/008_8_1.jpg\" alt=\"\" width=\"277\" height=\"200\" srcset=\"https:\/\/www.lha-khang.ch\/wp-content\/uploads\/2013\/09\/008_8_1.jpg 277w, https:\/\/www.lha-khang.ch\/wp-content\/uploads\/2013\/09\/008_8_1-150x108.jpg 150w, https:\/\/www.lha-khang.ch\/wp-content\/uploads\/2013\/09\/008_8_1-80x57.jpg 80w, https:\/\/www.lha-khang.ch\/wp-content\/uploads\/2013\/09\/008_8_1-235x169.jpg 235w\" sizes=\"(max-width: 277px) 100vw, 277px\" \/>[\/vc_column_text][vc_column_text]<\/p>\n<h4 style=\"text-align: center;\">APR\u00c8S NOUS AVOIR DONN\u00c9 BEAUCOUP DE BONHEUR, ET DE BEAUX B\u00c9B\u00c9S, NOS CHIENS M\u00c9RITENT UNE BELLE RETRAITE \u2026.<\/h4>\n<p>&nbsp;<\/p>\n<p style=\"text-align: center;\"><img loading=\"lazy\" class=\"aligncenter size-full wp-image-627\" src=\"http:\/\/www.lha-khang.ch\/wp-content\/uploads\/2013\/09\/qsbx3cgm.gif\" alt=\"\" width=\"131\" height=\"159\" \/><\/p>\n<p>[\/vc_column_text][vc_separator][\/vc_column][\/vc_row][vc_row][vc_column width=\u00a0\u00bb1\/3&Prime;][vc_column_text]<a class=\"no_thickbox\" href=\"https:\/\/www.lha-khang.ch\/?page_id=2735\"><img loading=\"lazy\" class=\"aligncenter\" src=\"http:\/\/www.lha-khang.ch\/wp-content\/uploads\/2018\/05\/Aarau2017-1-300x225.jpg\" alt=\"\" width=\"300\" height=\"225\" \/><\/a><\/p>\n<h4 style=\"text-align: center;\">LHA-KHANG KAILAS LAYA<\/h4>\n<p>[\/vc_column_text][\/vc_column][vc_column width=\u00a0\u00bb1\/3&Prime;][vc_column_text]<a class=\"no_thickbox\" href=\"http:\/\/www.lha-khang.ch\/?page_id=96\"><img loading=\"lazy\" class=\"aligncenter wp-image-225 size-medium\" src=\"http:\/\/www.lha-khang.ch\/wp-content\/uploads\/2013\/09\/IMG_2876-11-300x207.jpg\" sizes=\"(max-width: 300px) 100vw, 300px\" srcset=\"https:\/\/www.lha-khang.ch\/wp-content\/uploads\/2013\/09\/IMG_2876-11-300x207.jpg 300w, https:\/\/www.lha-khang.ch\/wp-content\/uploads\/2013\/09\/IMG_2876-11-150x103.jpg 150w, https:\/\/www.lha-khang.ch\/wp-content\/uploads\/2013\/09\/IMG_2876-11-80x55.jpg 80w, https:\/\/www.lha-khang.ch\/wp-content\/uploads\/2013\/09\/IMG_2876-11-235x162.jpg 235w, https:\/\/www.lha-khang.ch\/wp-content\/uploads\/2013\/09\/IMG_2876-11.jpg 668w\" alt=\"\" width=\"300\" height=\"207\" \/><\/a><\/p>\n<h4 style=\"text-align: center;\">SUN KOSI CHAGAN<\/h4>\n<p>[\/vc_column_text][\/vc_column][vc_column width=\u00a0\u00bb1\/3&Prime;][vc_column_text]<a class=\"no_thickbox\" href=\"http:\/\/www.lha-khang.ch\/?page_id=886\"><img loading=\"lazy\" class=\"aligncenter wp-image-2184\" src=\"http:\/\/www.lha-khang.ch\/wp-content\/uploads\/2015\/02\/Mi-ka-2015int-300x256.jpg\" sizes=\"(max-width: 416px) 100vw, 416px\" srcset=\"https:\/\/www.lha-khang.ch\/wp-content\/uploads\/2015\/02\/Mi-ka-2015int-300x256.jpg 300w, https:\/\/www.lha-khang.ch\/wp-content\/uploads\/2015\/02\/Mi-ka-2015int-150x128.jpg 150w, https:\/\/www.lha-khang.ch\/wp-content\/uploads\/2015\/02\/Mi-ka-2015int-80x68.jpg 80w, https:\/\/www.lha-khang.ch\/wp-content\/uploads\/2015\/02\/Mi-ka-2015int-235x200.jpg 235w, https:\/\/www.lha-khang.ch\/wp-content\/uploads\/2015\/02\/Mi-ka-2015int.jpg 600w\" alt=\"Mi-ka 2015int\" width=\"243\" height=\"207\" \/><\/a><\/p>\n<h4 style=\"text-align: center;\">SAMSARA MI-KA<\/h4>\n<p>[\/vc_column_text][\/vc_column][\/vc_row][vc_row][vc_column width=\u00a0\u00bb1\/3&Prime;][vc_column_text]<a class=\"no_thickbox\" href=\"https:\/\/www.lha-khang.ch\/?page_id=649\"><img loading=\"lazy\" class=\"aligncenter wp-image-628 size-medium\" title=\"SUN KOSI VIVA ARIA\" src=\"http:\/\/www.lha-khang.ch\/wp-content\/uploads\/2013\/09\/Aria_04-300x234.jpg\" alt=\"\" width=\"300\" height=\"234\" srcset=\"https:\/\/www.lha-khang.ch\/wp-content\/uploads\/2013\/09\/Aria_04-300x234.jpg 300w, https:\/\/www.lha-khang.ch\/wp-content\/uploads\/2013\/09\/Aria_04-150x117.jpg 150w, https:\/\/www.lha-khang.ch\/wp-content\/uploads\/2013\/09\/Aria_04-80x62.jpg 80w, https:\/\/www.lha-khang.ch\/wp-content\/uploads\/2013\/09\/Aria_04-235x183.jpg 235w, https:\/\/www.lha-khang.ch\/wp-content\/uploads\/2013\/09\/Aria_04.jpg 552w\" sizes=\"(max-width: 300px) 100vw, 300px\" \/><\/a><\/p>\n<h4 style=\"text-align: center;\">SUN KOSI VIVA ARIA<\/h4>\n<p>[\/vc_column_text][\/vc_column][vc_column width=\u00a0\u00bb1\/3&Prime;][vc_column_text]<a class=\"no_thickbox\" href=\"https:\/\/www.lha-khang.ch\/?page_id=662\"><img loading=\"lazy\" class=\"aligncenter size-medium wp-image-629\" src=\"http:\/\/lha-khang.fantomas.zsite.ch\/wp-content\/uploads\/2013\/09\/oddyana-017-0-300x225.jpg\" sizes=\"(max-width: 300px) 100vw, 300px\" srcset=\"https:\/\/www.lha-khang.ch\/wp-content\/uploads\/2013\/09\/oddyana-017-0-300x225.jpg 300w, https:\/\/www.lha-khang.ch\/wp-content\/uploads\/2013\/09\/oddyana-017-0-150x112.jpg 150w, https:\/\/www.lha-khang.ch\/wp-content\/uploads\/2013\/09\/oddyana-017-0-80x60.jpg 80w, https:\/\/www.lha-khang.ch\/wp-content\/uploads\/2013\/09\/oddyana-017-0-235x176.jpg 235w, https:\/\/www.lha-khang.ch\/wp-content\/uploads\/2013\/09\/oddyana-017-0.jpg 500w\" alt=\"\" width=\"300\" height=\"225\" \/><\/a><\/p>\n<h4 style=\"text-align: center;\">NAROPA ODDYANA<\/h4>\n<p>[\/vc_column_text][\/vc_column][vc_column width=\u00a0\u00bb1\/3&Prime;][vc_column_text]<a class=\"no_thickbox\" href=\"https:\/\/www.lha-khang.ch\/?page_id=676\"><img loading=\"lazy\" class=\"aligncenter size-full wp-image-630\" src=\"http:\/\/lha-khang.fantomas.zsite.ch\/wp-content\/uploads\/2013\/09\/lonack1.jpg\" sizes=\"(max-width: 301px) 100vw, 301px\" srcset=\"https:\/\/www.lha-khang.ch\/wp-content\/uploads\/2013\/09\/lonack1.jpg 261w, https:\/\/www.lha-khang.ch\/wp-content\/uploads\/2013\/09\/lonack1-150x112.jpg 150w, https:\/\/www.lha-khang.ch\/wp-content\/uploads\/2013\/09\/lonack1-80x59.jpg 80w, https:\/\/www.lha-khang.ch\/wp-content\/uploads\/2013\/09\/lonack1-235x175.jpg 235w\" alt=\"\" width=\"301\" height=\"225\" \/><\/a><\/p>\n<h4 style=\"text-align: center;\">LONACK VON JILONG<\/h4>\n<p>[\/vc_column_text][\/vc_column][\/vc_row][vc_row][vc_column width=\u00a0\u00bb1\/3&Prime;][vc_column_text]<a class=\"no_thickbox\" href=\"https:\/\/www.lha-khang.ch\/?page_id=686\"><img loading=\"lazy\" class=\"aligncenter size-medium wp-image-638\" src=\"http:\/\/lha-khang.fantomas.zsite.ch\/wp-content\/uploads\/2013\/09\/Valerie-300x242.jpg\" sizes=\"(max-width: 278px) 100vw, 278px\" srcset=\"https:\/\/www.lha-khang.ch\/wp-content\/uploads\/2013\/09\/Valerie-300x242.jpg 300w, https:\/\/www.lha-khang.ch\/wp-content\/uploads\/2013\/09\/Valerie-1024x827.jpg 1024w, https:\/\/www.lha-khang.ch\/wp-content\/uploads\/2013\/09\/Valerie-150x121.jpg 150w, https:\/\/www.lha-khang.ch\/wp-content\/uploads\/2013\/09\/Valerie-80x64.jpg 80w, https:\/\/www.lha-khang.ch\/wp-content\/uploads\/2013\/09\/Valerie-235x189.jpg 235w, https:\/\/www.lha-khang.ch\/wp-content\/uploads\/2013\/09\/Valerie.jpg 1181w\" alt=\"Valerie\" width=\"278\" height=\"225\" \/><\/a><\/p>\n<h4 style=\"text-align: center;\">VALERIE YANG TZE JIANG<\/h4>\n<p>[\/vc_column_text][\/vc_column][vc_column width=\u00a0\u00bb1\/3&Prime;][vc_column_text]<a class=\"no_thickbox\" href=\"https:\/\/www.lha-khang.ch\/?page_id=707\"><img loading=\"lazy\" class=\"aligncenter size-medium wp-image-639\" src=\"http:\/\/lha-khang.fantomas.zsite.ch\/wp-content\/uploads\/2013\/09\/BhayaniX00412-300x227.jpg\" sizes=\"(max-width: 298px) 100vw, 298px\" srcset=\"https:\/\/www.lha-khang.ch\/wp-content\/uploads\/2013\/09\/BhayaniX00412-300x227.jpg 300w, https:\/\/www.lha-khang.ch\/wp-content\/uploads\/2013\/09\/BhayaniX00412-150x113.jpg 150w, https:\/\/www.lha-khang.ch\/wp-content\/uploads\/2013\/09\/BhayaniX00412-80x60.jpg 80w, https:\/\/www.lha-khang.ch\/wp-content\/uploads\/2013\/09\/BhayaniX00412-235x178.jpg 235w, https:\/\/www.lha-khang.ch\/wp-content\/uploads\/2013\/09\/BhayaniX00412.jpg 696w\" alt=\"\" width=\"298\" height=\"225\" \/><\/a><\/p>\n<h4 style=\"text-align: center;\">ANANDA BHAYANI<\/h4>\n<p>[\/vc_column_text][\/vc_column][vc_column width=\u00a0\u00bb1\/3&Prime;][vc_column_text]<a class=\"no_thickbox\" href=\"https:\/\/www.lha-khang.ch\/?page_id=715\"><img loading=\"lazy\" class=\"aligncenter size-thumbnail wp-image-640\" src=\"http:\/\/lha-khang.fantomas.zsite.ch\/wp-content\/uploads\/2013\/09\/Po-Siddhi495-150x150.jpg\" sizes=\"(max-width: 225px) 100vw, 225px\" srcset=\"https:\/\/www.lha-khang.ch\/wp-content\/uploads\/2013\/09\/Po-Siddhi495-150x150.jpg 150w, https:\/\/www.lha-khang.ch\/wp-content\/uploads\/2013\/09\/Po-Siddhi495-80x80.jpg 80w, https:\/\/www.lha-khang.ch\/wp-content\/uploads\/2013\/09\/Po-Siddhi495-235x235.jpg 235w, https:\/\/www.lha-khang.ch\/wp-content\/uploads\/2013\/09\/Po-Siddhi495-54x54.jpg 54w\" alt=\"\" width=\"225\" height=\"225\" \/><\/a><\/p>\n<h4 style=\"text-align: center;\">NAROPA PO-SIDDHI<\/h4>\n<p>[\/vc_column_text][\/vc_column][\/vc_row][vc_row][vc_column width=\u00a0\u00bb1\/3&Prime;][vc_column_text]<a class=\"no_thickbox\" href=\"https:\/\/www.lha-khang.ch\/?page_id=722\"><img loading=\"lazy\" class=\"aligncenter size-medium wp-image-641\" src=\"http:\/\/lha-khang.fantomas.zsite.ch\/wp-content\/uploads\/2013\/09\/Sourya0-1-300x241.jpg\" sizes=\"(max-width: 279px) 100vw, 279px\" srcset=\"https:\/\/www.lha-khang.ch\/wp-content\/uploads\/2013\/09\/Sourya0-1-300x241.jpg 300w, https:\/\/www.lha-khang.ch\/wp-content\/uploads\/2013\/09\/Sourya0-1-150x120.jpg 150w, https:\/\/www.lha-khang.ch\/wp-content\/uploads\/2013\/09\/Sourya0-1-80x64.jpg 80w, https:\/\/www.lha-khang.ch\/wp-content\/uploads\/2013\/09\/Sourya0-1-235x189.jpg 235w, https:\/\/www.lha-khang.ch\/wp-content\/uploads\/2013\/09\/Sourya0-1.jpg 860w\" alt=\"\" width=\"279\" height=\"225\" \/><\/a><\/p>\n<h4 style=\"text-align: center;\">NIMA SOURYA<\/h4>\n<p>[\/vc_column_text][\/vc_column][vc_column width=\u00a0\u00bb1\/3&Prime;][vc_column_text]<a class=\"no_thickbox\" href=\"https:\/\/www.lha-khang.ch\/?page_id=253\"><img loading=\"lazy\" class=\"aligncenter wp-image-523 size-medium\" src=\"http:\/\/www.lha-khang.ch\/wp-content\/uploads\/2013\/09\/Sa-ri-ta-300x220.jpg\" sizes=\"(max-width: 300px) 100vw, 300px\" srcset=\"https:\/\/www.lha-khang.ch\/wp-content\/uploads\/2013\/09\/Sa-ri-ta-300x220.jpg 300w, https:\/\/www.lha-khang.ch\/wp-content\/uploads\/2013\/09\/Sa-ri-ta-150x110.jpg 150w, https:\/\/www.lha-khang.ch\/wp-content\/uploads\/2013\/09\/Sa-ri-ta-80x58.jpg 80w, https:\/\/www.lha-khang.ch\/wp-content\/uploads\/2013\/09\/Sa-ri-ta-235x172.jpg 235w, https:\/\/www.lha-khang.ch\/wp-content\/uploads\/2013\/09\/Sa-ri-ta.jpg 585w\" alt=\"Sa-ri-ta\" width=\"300\" height=\"220\" \/><\/a><\/p>\n<h4 style=\"text-align: center;\">ANANDA SA-RI-TA<\/h4>\n<p>[\/vc_column_text][\/vc_column][vc_column width=\u00a0\u00bb1\/3&Prime;][vc_column_text]<\/p>\n<h4><a class=\"no_thickbox\" href=\"https:\/\/www.lha-khang.ch\/?page_id=1051\"><img loading=\"lazy\" class=\"aligncenter size-medium wp-image-1049\" src=\"http:\/\/lha-khang.fantomas.zsite.ch\/wp-content\/uploads\/2013\/09\/Raja-2-300x246.jpg\" sizes=\"(max-width: 275px) 100vw, 275px\" srcset=\"https:\/\/www.lha-khang.ch\/wp-content\/uploads\/2013\/09\/Raja-2-300x246.jpg 300w, https:\/\/www.lha-khang.ch\/wp-content\/uploads\/2013\/09\/Raja-2-150x123.jpg 150w, https:\/\/www.lha-khang.ch\/wp-content\/uploads\/2013\/09\/Raja-2-80x65.jpg 80w, https:\/\/www.lha-khang.ch\/wp-content\/uploads\/2013\/09\/Raja-2-235x193.jpg 235w, https:\/\/www.lha-khang.ch\/wp-content\/uploads\/2013\/09\/Raja-2.jpg 638w\" alt=\"Raja-2\" width=\"275\" height=\"225\" \/><\/a><\/h4>\n<h4 style=\"text-align: center;\">GANDHARA RAJA<\/h4>\n<p>[\/vc_column_text][\/vc_column][\/vc_row][vc_row][vc_column width=\u00a0\u00bb1\/3&Prime;][vc_column_text]<a class=\"no_thickbox\" href=\"https:\/\/www.lha-khang.ch\/?page_id=249\"><img loading=\"lazy\" class=\"aligncenter wp-image-1106 size-medium\" src=\"http:\/\/www.lha-khang.ch\/wp-content\/uploads\/2013\/10\/Aghora-082-0-300x199.jpg\" sizes=\"(max-width: 300px) 100vw, 300px\" srcset=\"https:\/\/www.lha-khang.ch\/wp-content\/uploads\/2013\/10\/Aghora-082-0-300x199.jpg 300w, https:\/\/www.lha-khang.ch\/wp-content\/uploads\/2013\/10\/Aghora-082-0-150x99.jpg 150w, https:\/\/www.lha-khang.ch\/wp-content\/uploads\/2013\/10\/Aghora-082-0-434x289.jpg 434w, https:\/\/www.lha-khang.ch\/wp-content\/uploads\/2013\/10\/Aghora-082-0-80x53.jpg 80w, https:\/\/www.lha-khang.ch\/wp-content\/uploads\/2013\/10\/Aghora-082-0-235x156.jpg 235w, https:\/\/www.lha-khang.ch\/wp-content\/uploads\/2013\/10\/Aghora-082-0.jpg 640w\" alt=\"Aghora-082-0\" width=\"300\" height=\"199\" \/><\/a><\/p>\n<h4 style=\"text-align: center;\">GOPALA AGHORA<\/h4>\n<p>[\/vc_column_text][\/vc_column][vc_column width=\u00a0\u00bb1\/3&Prime;][vc_column_text]<a class=\"no_thickbox\" href=\"https:\/\/www.lha-khang.ch\/?page_id=255\"><img loading=\"lazy\" class=\"aligncenter wp-image-2729\" src=\"http:\/\/www.lha-khang.ch\/wp-content\/uploads\/2018\/03\/DSC2411-300x229.jpg\" sizes=\"(max-width: 261px) 100vw, 261px\" srcset=\"https:\/\/www.lha-khang.ch\/wp-content\/uploads\/2018\/03\/DSC2411-300x229.jpg 300w, https:\/\/www.lha-khang.ch\/wp-content\/uploads\/2018\/03\/DSC2411-150x115.jpg 150w, https:\/\/www.lha-khang.ch\/wp-content\/uploads\/2018\/03\/DSC2411-80x61.jpg 80w, https:\/\/www.lha-khang.ch\/wp-content\/uploads\/2018\/03\/DSC2411-235x179.jpg 235w, https:\/\/www.lha-khang.ch\/wp-content\/uploads\/2018\/03\/DSC2411.jpg 600w\" alt=\"\" width=\"261\" height=\"199\" \/><\/a><\/p>\n<h4 style=\"text-align: center;\">KAILAS SHERPA GIN<\/h4>\n<p>[\/vc_column_text][\/vc_column][vc_column width=\u00a0\u00bb1\/3&Prime;][vc_column_text]<a class=\"no_thickbox\" href=\"http:\/\/www.lha-khang.ch\/?page_id=2034\"><img loading=\"lazy\" class=\"aligncenter wp-image-2163\" src=\"http:\/\/www.lha-khang.ch\/wp-content\/uploads\/2015\/01\/DSC2437-1-300x237.jpg\" alt=\"\" width=\"261\" height=\"206\" srcset=\"https:\/\/www.lha-khang.ch\/wp-content\/uploads\/2015\/01\/DSC2437-1-300x237.jpg 300w, https:\/\/www.lha-khang.ch\/wp-content\/uploads\/2015\/01\/DSC2437-1-150x118.jpg 150w, https:\/\/www.lha-khang.ch\/wp-content\/uploads\/2015\/01\/DSC2437-1-80x63.jpg 80w, https:\/\/www.lha-khang.ch\/wp-content\/uploads\/2015\/01\/DSC2437-1-235x185.jpg 235w, https:\/\/www.lha-khang.ch\/wp-content\/uploads\/2015\/01\/DSC2437-1.jpg 598w\" sizes=\"(max-width: 261px) 100vw, 261px\" \/><\/a><\/p>\n<h4 style=\"text-align: center;\">LHA-KHANG CANDALI DHARMA<\/h4>\n<p>[\/vc_column_text][\/vc_column][\/vc_row][vc_row][vc_column width=\u00a0\u00bb1\/3&Prime;][\/vc_column][vc_column width=\u00a0\u00bb1\/3&Prime;][\/vc_column][vc_column width=\u00a0\u00bb1\/3&Prime;][\/vc_column][\/vc_row]<\/p>\n","protected":false},"excerpt":{"rendered":"<p>[vc_row][vc_column][vc_column_text] NOS CHIENS \u00c0 LA RETRAITE [\/vc_column_text][vc_separator][vc_column_text][\/vc_column_text][vc_column_text] APR\u00c8S NOUS AVOIR DONN\u00c9 BEAUCOUP DE BONHEUR, ET DE BEAUX B\u00c9B\u00c9S, NOS CHIENS M\u00c9RITENT UNE BELLE RETRAITE \u2026. &nbsp; [\/vc_column_text][vc_separator][\/vc_column][\/vc_row][vc_row][vc_column width=\u00a0\u00bb1\/3&Prime;][vc_column_text] LHA-KHANG KAILAS LAYA [\/vc_column_text][\/vc_column][vc_column width=\u00a0\u00bb1\/3&Prime;][vc_column_text] SUN KOSI CHAGAN [\/vc_column_text][\/vc_column][vc_column width=\u00a0\u00bb1\/3&Prime;][vc_column_text] SAMSARA MI-KA &hellip; <a href=\"https:\/\/www.lha-khang.ch\/?page_id=3413\">Continue reading <span class=\"meta-nav\">&rarr;<\/span><\/a><\/p>\n","protected":false},"author":1,"featured_media":0,"parent":0,"menu_order":0,"comment_status":"closed","ping_status":"closed","template":"","meta":[],"_links":{"self":[{"href":"https:\/\/www.lha-khang.ch\/index.php?rest_route=\/wp\/v2\/pages\/3413"}],"collection":[{"href":"https:\/\/www.lha-khang.ch\/index.php?rest_route=\/wp\/v2\/pages"}],"about":[{"href":"https:\/\/www.lha-khang.ch\/index.php?rest_route=\/wp\/v2\/types\/page"}],"author":[{"embeddable":true,"href":"https:\/\/www.lha-khang.ch\/index.php?rest_route=\/wp\/v2\/users\/1"}],"replies":[{"embeddable":true,"href":"https:\/\/www.lha-khang.ch\/index.php?rest_route=%2Fwp%2Fv2%2Fcomments&post=3413"}],"version-history":[{"count":10,"href":"https:\/\/www.lha-khang.ch\/index.php?rest_route=\/wp\/v2\/pages\/3413\/revisions"}],"predecessor-version":[{"id":3626,"href":"https:\/\/www.lha-khang.ch\/index.php?rest_route=\/wp\/v2\/pages\/3413\/revisions\/3626"}],"wp:attachment":[{"href":"https:\/\/www.lha-khang.ch\/index.php?rest_route=%2Fwp%2Fv2%2Fmedia&parent=3413"}],"curies":[{"name":"wp","href":"https:\/\/api.w.org\/{rel}","templated":true}]}}