{"id":94,"date":"2013-09-04T13:14:46","date_gmt":"2013-09-04T12:14:46","guid":{"rendered":"http:\/\/lha-khang.fantomas.zsite.ch\/?page_id=94"},"modified":"2013-10-21T09:25:22","modified_gmt":"2013-10-21T08:25:22","slug":"rasseportrat","status":"publish","type":"page","link":"http:\/\/www.lha-khang.ch\/?page_id=94","title":{"rendered":"Geschichte"},"content":{"rendered":"<h1>Geschichte der Tibet Terrier<\/h1>\n<div class=\"divider type_2\"><\/div>\n<h2>SEINE HERKUNFT<\/h2>\n<p style=\"text-align: center;\">\n<div class=\"one_third\"><p><a href=\"http:\/\/lha-khang.fantomas.zsite.ch\/wp-content\/uploads\/2013\/09\/Nimo-Siddy-2_modifi\u00e9-1.jpg\"><img loading=\"lazy\" class=\"aligncenter size-medium wp-image-1127\" alt=\"\" src=\"http:\/\/lha-khang.fantomas.zsite.ch\/wp-content\/uploads\/2013\/09\/Nimo-Siddy-2_modifi\u00e9-1-300x203.jpg\" width=\"300\" height=\"203\" srcset=\"http:\/\/www.lha-khang.ch\/wp-content\/uploads\/2013\/09\/Nimo-Siddy-2_modifi\u00e9-1-300x203.jpg 300w, http:\/\/www.lha-khang.ch\/wp-content\/uploads\/2013\/09\/Nimo-Siddy-2_modifi\u00e9-1-150x101.jpg 150w, http:\/\/www.lha-khang.ch\/wp-content\/uploads\/2013\/09\/Nimo-Siddy-2_modifi\u00e9-1-80x54.jpg 80w, http:\/\/www.lha-khang.ch\/wp-content\/uploads\/2013\/09\/Nimo-Siddy-2_modifi\u00e9-1-235x159.jpg 235w, http:\/\/www.lha-khang.ch\/wp-content\/uploads\/2013\/09\/Nimo-Siddy-2_modifi\u00e9-1.jpg 650w\" sizes=\"(max-width: 300px) 100vw, 300px\" \/><\/a><\/p>\n<\/div><\/p>\n<div class=\"two_thirds column-last\"><p>Es w\u00e4re einfach, sich von den wunderbaren tibetanische Erz\u00e4hlungen bezaubern zu lassen, obwohl es schwierig ist, die Legende und die Realit\u00e4t zu unterscheiden.Deswegen werden wir uns auf die heutigen Kenntnisse der Tibetaner beschr\u00e4nken.<\/p>\n<p>Der Tibet Terrier ist eine alte Hunderasse die auf mehr als 2000 Jahre zur\u00fcckgeht.Er stammt aus dem hohen tibetanischen Gebirge \u00fcber 5000 m H\u00f6he aus der Gegend die man \u00a0\u00bb DACH DER WELT \u00a0\u00bb nennt.<\/p>\n<p>Dieser Hunde wurden in Kl\u00f6stern aufgezogen, oft in grosser Anzahl, und die M\u00f6nche behandelten sie ehrfurchtsvoll. Aufmerksam warnten sie die M\u00f6nche vor jeglicher Ann\u00e4herung und galten als Gl\u00fccksbringer. Sie wurden selten verkauft, aber oft als Geschenk oder als Belohnung zum Dank f\u00fcr einen erwiesenen Dienst offeriert.Sehr schnell wurden sie von der Bev\u00f6kerung\u00a0 aufgenommen und \u00ab\u00a0Kleiner Mensch \u00a0\u00bb genannt. Sie begleiteten die Leute auf grossen Wanderschaften.<\/p>\n<p>Die meisten tibetanischen Nomaden verbrachten ein Wanderleben mit ihren Familien und den Yak-und Ziegenherden. Das Leben war hart und sie verf\u00fcgten nur \u00fcber das Allernotwendigste. Sie besassen zahllose Hunde ; die Doggen wurden als W\u00e4chter benutzt, der Tibet Terrier, von ihnen Grosser Apso genannt, diente hingegen als Hirten-und als Familienhund.<\/p>\n<p>Der solide k\u00f6rperliche Aufbau des Tibet Terriers erlaubte es ihm, den niedrigen Temperaturen, dem sp\u00e4rlichen Leben und dem wiederholten Kampf gegen die Naturelemente mit Leichtigkeit zu trotzen.<\/p>\n<p>Da dieser Hund lange in der besinnlichen Atmosph\u00e4re der Kl\u00f6ster gelebt hat, zeigt er keinen agressiven Charakter.<br \/>\nAls Familienhund am Alltagsleben teilnehmend, mag er nicht\u00a0 allein sein und teilt mit Freude alle Empfindungen mit seinem Besitzer.<\/p>\n<\/div>\r\n\t\t\t<div class=\"clearer\"><\/div><h2>SEINE EINFUEHRUNG IN DEN WESTEN<\/h2>\n<div class=\"two_thirds\"><p>Offiziel wurde der Tibet Terrier etwa 1920 in Europa eingef\u00fchrt. Um diese Zeit offerierte eine tibetanische Prinzessin ihrem Arzt, Dr. Agn\u00e8s Grieg die ersten Vorfahren der Rasse f\u00fcr Europa. Durch Kreuzungen zwischen Klosterhunden und Hirtenhunden gr\u00fcndete Dr.Agn\u00e8s Greig die ber\u00fchmte Blutlinie \u00a0\u00bb LAMLEH \u00ab\u00a0, von der heute noch viele Hunde abstammen.<\/p>\n<p>Es brauchte 8 Jahre Bem\u00fchungen, Arbeit und Zuchtwahl bis diese Rasse in Europa genehmigt wurde.Erst im Jahre 1930 wurde der Tibet Terrier als reinrassig anerkannt. Zuerst vom Kennel Klub of India, 1931 vom Kennel Klub Englands.<\/p>\n<\/div><div class=\"one_third column-last\"><p><img loading=\"lazy\" class=\"aligncenter size-medium wp-image-396\" alt=\"5\" src=\"http:\/\/lha-khang.fantomas.zsite.ch\/wp-content\/uploads\/2013\/09\/5-226x300.jpg\" width=\"226\" height=\"300\" srcset=\"http:\/\/www.lha-khang.ch\/wp-content\/uploads\/2013\/09\/5-226x300.jpg 226w, http:\/\/www.lha-khang.ch\/wp-content\/uploads\/2013\/09\/5-113x150.jpg 113w, http:\/\/www.lha-khang.ch\/wp-content\/uploads\/2013\/09\/5-60x80.jpg 60w, http:\/\/www.lha-khang.ch\/wp-content\/uploads\/2013\/09\/5-177x235.jpg 177w, http:\/\/www.lha-khang.ch\/wp-content\/uploads\/2013\/09\/5.jpg 445w\" sizes=\"(max-width: 226px) 100vw, 226px\" \/><\/p>\n<\/div>\r\n\t\t\t<div class=\"clearer\"><\/div><h2>100 % BEGLEIT-UND FAMILIENHUND<\/h2>\n<div class=\"one_third\"><p><a href=\"http:\/\/lha-khang.fantomas.zsite.ch\/wp-content\/uploads\/2013\/09\/IMG_1847.jpg\"><img loading=\"lazy\" class=\"aligncenter size-medium wp-image-1129\" alt=\"\" src=\"http:\/\/lha-khang.fantomas.zsite.ch\/wp-content\/uploads\/2013\/09\/IMG_1847-300x199.jpg\" width=\"300\" height=\"199\" srcset=\"http:\/\/www.lha-khang.ch\/wp-content\/uploads\/2013\/09\/IMG_1847-300x199.jpg 300w, http:\/\/www.lha-khang.ch\/wp-content\/uploads\/2013\/09\/IMG_1847-150x99.jpg 150w, http:\/\/www.lha-khang.ch\/wp-content\/uploads\/2013\/09\/IMG_1847-434x289.jpg 434w, http:\/\/www.lha-khang.ch\/wp-content\/uploads\/2013\/09\/IMG_1847-80x53.jpg 80w, http:\/\/www.lha-khang.ch\/wp-content\/uploads\/2013\/09\/IMG_1847-235x156.jpg 235w, http:\/\/www.lha-khang.ch\/wp-content\/uploads\/2013\/09\/IMG_1847.jpg 640w\" sizes=\"(max-width: 300px) 100vw, 300px\" \/><\/a><\/p>\n<\/div><div class=\"two_thirds column-last\"><p><span style=\"font-family: Arial;\"><span style=\"font-family: Arial; font-size: small;\">Man kann sich fragen, warum dieser Hund \u00a0\u00bb TERRIER \u00a0\u00bb genannt wurde. Seine Merkmale haben mit denen der Terrier nichts gemeinsam, er ist eher ein Hirten-und Familienhund. Aber die Bezeichnung einiger Rassen ist manchmal r\u00e4tselhaft.<br \/>\nDie Engl\u00e4nder, die als Erste diese Hunde z\u00fcchteten, nannten den Hund, der manchmal \u00a0\u00bb Tibet Apso \u00a0\u00bb genannt wurde ( in tibetanischer Sprache bedeutet \u00ab\u00a0Apso\u00a0\u00bb behaart wie eine Ziege \u00a0\u00bb ), TERRIER und ordneten ihn in die Gruppe 9, Gesellschafts-und Begleithund, ein.<br \/>\nDer Tibet Terrier hat nichts mit einem \u00a0\u00bb Schosshund \u00a0\u00bb zu tun. Das Angenehmste an ihm ist sicher seine Pers\u00f6nlichkeit. Intelligent, fr\u00f6hlich und voller Lebensfreude. Zur\u00fcckhaltend gegen\u00fcber Fremden, weder scheu, noch streits\u00fcchtig. Nicht sehr l\u00e4rmig, kann er jedoch durch lautes Bellen herannahende Fremde abweisen. <\/span><\/span><\/p>\n<p><span style=\"font-family: Arial;\"><span style=\"font-family: Arial; font-size: small;\"><br \/>\nMan sollte sich nicht durch sein \u00a0\u00bb Wuscheliges \u00a0\u00bb Aussehen irref\u00fchren lassen, er hat eine eigene Pers\u00f6nlichkeit, und wenn man nicht manchmal eine\u00a0\u00bb eiserne Faust in einem Samthandschuh \u00a0\u00bb gebraucht, w\u00fcrde er die Situation ausn\u00fctzen.<br \/>\nEin Tibet Terrier der allein mit seinen Besitzern lebt, passt sich ihren Gewohnheiten an. Er ruht sich aus wenn man sich ausruht, immer bereit spazierenzugehen, dynamisch im Spiel, ruhig im Restaurant. Er steht uns sehr nahe ohne aufdringlich zu sein. Er verlangt einzig die Gegenwart und die Aufmerksamkeit seiner Besitzer. Er braucht Sie, aber sehr schnell werden Sie es sein, die seine Anwesenheit nicht mehr vermissen k\u00f6nnen, denn er ist ein richtiger Sonnenschien. Mit einem kleinen \u00a0\u00bb Schleck \u00a0\u00bb oder einem z\u00e4rtlichen Blick hilft er Ihnen wieder \u00fcber den Berg. Dieser Hund kann sich sehr gut an ein Leben in einer Wohnung gew\u00f6hnen, aber wenn Sie einen Garten haben, wo er sich austoben kann, ist es nat\u00fcrlich noch besser. Aber ben\u00fctzen Sie nicht diesen Garten um ihn \u00a0\u00bb loszuwerden \u00ab\u00a0. Er w\u00e4re dabei sehr ungl\u00fccklich, auch im gr\u00f6ssten Garten, verlassen zu sein. Er kuschelt sich lieber unter Ihr B\u00fcro oder auf den Wagensitz, anstatt allein zu sein.<\/span><\/span><\/p>\n<p><span style=\"font-family: Arial;\"><span style=\"font-family: Arial; font-size: small;\">Daher sollte man diese Besonderheit gut verstehen, bevor man einen Tibet Terrier kauft.<br \/>\nJe mehr Sie mit ihm gemeinsam leben, mit ihm sprechen, Leute begegnen, desto mehr wird er Sie erstaunen. Seine Intelligenz wird durch menschlichen Kontakt erweckt, seine Sinne werden angespornt, er wird der \u00a0\u00bb Liebling \u00a0\u00bb Ihrer Umgebung.<\/span><\/span><br style=\"font-family: Arial; font-size: small;\" \/><\/p>\n<\/div>\r\n\t\t\t<div class=\"clearer\"><\/div><div class=\"one_third\"><p><img loading=\"lazy\" class=\"aligncenter size-full wp-image-189\" alt=\"6\" src=\"http:\/\/lha-khang.fantomas.zsite.ch\/wp-content\/uploads\/2013\/09\/6.jpg\" width=\"200\" height=\"180\" srcset=\"http:\/\/www.lha-khang.ch\/wp-content\/uploads\/2013\/09\/6.jpg 171w, http:\/\/www.lha-khang.ch\/wp-content\/uploads\/2013\/09\/6-150x134.jpg 150w, http:\/\/www.lha-khang.ch\/wp-content\/uploads\/2013\/09\/6-80x71.jpg 80w\" sizes=\"(max-width: 200px) 100vw, 200px\" \/><\/p>\n<\/div><div class=\"one_third\"><p><img loading=\"lazy\" class=\"aligncenter size-full wp-image-190\" alt=\"7\" src=\"http:\/\/lha-khang.fantomas.zsite.ch\/wp-content\/uploads\/2013\/09\/7.jpg\" width=\"318\" height=\"185\" srcset=\"http:\/\/www.lha-khang.ch\/wp-content\/uploads\/2013\/09\/7.jpg 263w, http:\/\/www.lha-khang.ch\/wp-content\/uploads\/2013\/09\/7-150x87.jpg 150w, http:\/\/www.lha-khang.ch\/wp-content\/uploads\/2013\/09\/7-80x46.jpg 80w, http:\/\/www.lha-khang.ch\/wp-content\/uploads\/2013\/09\/7-235x136.jpg 235w\" sizes=\"(max-width: 318px) 100vw, 318px\" \/><\/p>\n<\/div><div class=\"one_third column-last\"><p><a href=\"http:\/\/lha-khang.fantomas.zsite.ch\/wp-content\/uploads\/2013\/09\/Mandy-6.jpg\"><img loading=\"lazy\" class=\"aligncenter size-medium wp-image-1131\" alt=\"\" src=\"http:\/\/lha-khang.fantomas.zsite.ch\/wp-content\/uploads\/2013\/09\/Mandy-6-300x281.jpg\" width=\"300\" height=\"281\" srcset=\"http:\/\/www.lha-khang.ch\/wp-content\/uploads\/2013\/09\/Mandy-6-300x281.jpg 300w, http:\/\/www.lha-khang.ch\/wp-content\/uploads\/2013\/09\/Mandy-6-150x140.jpg 150w, http:\/\/www.lha-khang.ch\/wp-content\/uploads\/2013\/09\/Mandy-6-80x75.jpg 80w, http:\/\/www.lha-khang.ch\/wp-content\/uploads\/2013\/09\/Mandy-6-235x220.jpg 235w, http:\/\/www.lha-khang.ch\/wp-content\/uploads\/2013\/09\/Mandy-6.jpg 640w\" sizes=\"(max-width: 300px) 100vw, 300px\" \/><\/a><\/p>\n<\/div>\r\n\t\t\t<div class=\"clearer\"><\/div><h2>DER BESITZER EINES TIBET TERRIERS<\/h2>\n<div class=\"two_thirds\"><p>M\u00fcsste man den \u00a0\u00bb idealen \u00a0\u00bb Besitzer des Tibet Terriers beschreiben so w\u00e4re dies : Ein Paar, beruflich unabh\u00e4ngig, dass in seiner dies T\u00e4tigkeit \u00fcber viel Freizeit verf\u00fcgt, um voll die Anwesenheit eines Hundes mit Charakter zu sch\u00e4tzen.<br \/>\nDie Pflege, die ein so \u00fcppiges und wundersch\u00f6nes Haar verlangt, seine Eleganz, ohne Ziererei, hat eine eher weibliche Seite; doch hat der Charakter und das sportliche Temperament des Tibet Terriers auch viel M\u00e4nnliches an sich.<br \/>\nIm Aussehen und in seinem Wesen sehr Natur, ist er spontan, offen, fr\u00f6hlich, seinem Besitzer sehr nahestehend und von absoluter Treue.<br \/>\nDiese Rasse verlangt Psychologie und Entschlossenheit ( er ist ein Orientale und hat einen dicken Kopf! ). Man sollte niemals eine Dummheit ungestraft lassen. Dank seiner Intelligenz und seiner Schelmerei wird er versuchen, jede Ihrer Schw\u00e4chen auszunutzen. Er wird jede Bresche in Ihrer Erziehung finden, seien Sie wachsam!. Erheben sie die Stimme ( sehr stark ), tadeln Sie ihn ohne Schwachheit. Seine Intelligenz und seine Gelehrigkeit werden schnell dazu beitragen, Ihnen gehorsam zu sein. Und er wird nie wieder das Verbote verh\u00f6hnen.<br \/>\nEin guter Hundebesitzer kann auch Kinder haben, vorausgesetzt dieselben lernen von klein auf, Tiere als Lebewesen zu betrachten und zu respektieren.<\/p>\n<p>Durch sein pl\u00fcscheliges Aussehen wirkt er wie eine vorz\u00fcgliche Zielscheibe f\u00fcr Kinder die der Meinung sind, man k\u00f6nne ihn wie ein Spielzeug behandeln. Unser Hund wird dies nie zulassen. Er wird sich f\u00fcgen, wenn man ihn ein paarmal an den Haaren zieht, oder dass man ihn beim Herumtoben ein bisschen bel\u00e4stigt, hingegen wird er es nicht vertragen, wie eine Puppe misshandelt zu werden.<br \/>\nDa riskiert jeder Schlingel mit dem ausgezeichneten Gebiss unseres Hundes Bekanntschaft zu machen. Deswegen sind viele der Meinung, er eigne sich nicht f\u00fcr Kinder, aber man sollte klarstellen: nicht f\u00fcr schlecht erzogene Kinder!<br \/>\nUmgekehrt kann er ein fr\u00f6hlicher Genosse sein f\u00fcr tolle Rennen, Ball-und Versteckspiele.<br \/>\nBeim Kauf eines Tibet Terrier sollte ein verantwortungsvoller Hundebesitzer sich im Klaren sein, dass sein Hund ein langes Leben vor sich haben wird. Durchschnittlich etwa 15 Jahre, und oft 18. Dies ist eher selten bei Hunden, deswegen dieser Hinweis.<br \/>\nMit Gl\u00fcck wird Ihr Hund sie jahrelang durch das Leben begleiten.<\/p>\n<\/div><div class=\"one_third column-last\"><p><img loading=\"lazy\" class=\"aligncenter size-full wp-image-193\" alt=\"baray\" src=\"http:\/\/lha-khang.fantomas.zsite.ch\/wp-content\/uploads\/2013\/09\/baray.jpg\" width=\"278\" height=\"533\" srcset=\"http:\/\/www.lha-khang.ch\/wp-content\/uploads\/2013\/09\/baray.jpg 307w, http:\/\/www.lha-khang.ch\/wp-content\/uploads\/2013\/09\/baray-156x300.jpg 156w, http:\/\/www.lha-khang.ch\/wp-content\/uploads\/2013\/09\/baray-78x150.jpg 78w, http:\/\/www.lha-khang.ch\/wp-content\/uploads\/2013\/09\/baray-41x80.jpg 41w, http:\/\/www.lha-khang.ch\/wp-content\/uploads\/2013\/09\/baray-122x235.jpg 122w\" sizes=\"(max-width: 278px) 100vw, 278px\" \/><\/p>\n<\/div>\r\n\t\t\t<div class=\"clearer\"><\/div><h2>SEINE PFLEGE<\/h2>\n<div class=\"one_third\"><p><img loading=\"lazy\" class=\"aligncenter size-full wp-image-195\" alt=\"Histoi1\" src=\"http:\/\/lha-khang.fantomas.zsite.ch\/wp-content\/uploads\/2013\/09\/Histoi1.gif\" width=\"198\" height=\"157\" \/><\/p>\n<\/div><div class=\"two_thirds column-last\"><p>Bei solch \u00fcppigem Haar ist man geneigt, an langwierige Pflege zu denken. Dies ist nicht der Fall. Wie bei allen anderen langhaarigen Rassen lohnt es sich, sich regelm\u00e4ssig darum zu k\u00fcmmern. Es wird\u00a0 f\u00fcr Sie und f\u00fcr den Hund, viel leichter sein, wenn Sie von Anfang an eine gewisse Routine einhalten.<br \/>\nDer Tibet Terrier sollte t\u00e4glich geb\u00fcrstet und gek\u00e4mmt werden,mit einer harten B\u00fcrste und einen breitz\u00e4hnigen Kamm, damit sein prachtvolles Haar nicht besch\u00e4digt wird (es besteht ausgezeichnete pflegende Produkte, die zu k\u00e4mmern helfen. Sie ern\u00e4hren das Fell, indem sie verhindern, dass es trocken und strapaziert wird)<\/p>\n<\/div>\r\n\t\t\t<div class=\"clearer\"><\/div><div class=\"two_thirds\"><p>Seine Pflege sollte eine angenehme Angewohneit werden, ein bevorzugter Moment, ganz ihm gewidmet, er wird dies verstehen und stolz darauf sein. In keinem Fall sollte die Toilettierung einer B\u00e4ndigung oder einer Dressur gleichen. Alles soll liebensw\u00fcrdig, sanft und mit Methode vor sich gehen. Gew\u00f6hnen Sie Ihren Welpen z\u00e4rtlich\u00a0 daran, geb\u00fcrstet zu werden und sich nicht zu bewegen.<\/p>\n<\/div><div class=\"one_third column-last\"><p><img loading=\"lazy\" class=\"aligncenter size-medium wp-image-197\" alt=\"toil-val\" src=\"http:\/\/lha-khang.fantomas.zsite.ch\/wp-content\/uploads\/2013\/09\/toil-val-224x300.jpg\" width=\"224\" height=\"300\" srcset=\"http:\/\/www.lha-khang.ch\/wp-content\/uploads\/2013\/09\/toil-val-224x300.jpg 224w, http:\/\/www.lha-khang.ch\/wp-content\/uploads\/2013\/09\/toil-val-112x150.jpg 112w, http:\/\/www.lha-khang.ch\/wp-content\/uploads\/2013\/09\/toil-val-59x80.jpg 59w, http:\/\/www.lha-khang.ch\/wp-content\/uploads\/2013\/09\/toil-val-176x235.jpg 176w, http:\/\/www.lha-khang.ch\/wp-content\/uploads\/2013\/09\/toil-val.jpg 442w\" sizes=\"(max-width: 224px) 100vw, 224px\" \/><\/p>\n<\/div>\r\n\t\t\t<div class=\"clearer\"><\/div><div class=\"one_third\"><p><img loading=\"lazy\" class=\"aligncenter size-medium wp-image-199\" alt=\"Bain\" src=\"http:\/\/lha-khang.fantomas.zsite.ch\/wp-content\/uploads\/2013\/09\/Bain-300x175.jpg\" width=\"300\" height=\"175\" srcset=\"http:\/\/www.lha-khang.ch\/wp-content\/uploads\/2013\/09\/Bain-300x175.jpg 300w, http:\/\/www.lha-khang.ch\/wp-content\/uploads\/2013\/09\/Bain-150x87.jpg 150w, http:\/\/www.lha-khang.ch\/wp-content\/uploads\/2013\/09\/Bain-80x46.jpg 80w, http:\/\/www.lha-khang.ch\/wp-content\/uploads\/2013\/09\/Bain-235x137.jpg 235w, http:\/\/www.lha-khang.ch\/wp-content\/uploads\/2013\/09\/Bain.jpg 391w\" sizes=\"(max-width: 300px) 100vw, 300px\" \/><\/p>\n<\/div><div class=\"two_thirds column-last\"><p>Zu Beginn ist es nicht sehr schwierig, die Haare sind noch nicht sehr lang. Dies sollte aber nicht zu lange dauern, h\u00f6chstens zehn Minuten. Immer gr\u00fcndlich b\u00fcrsten und k\u00e4mmen, bis an die Haarwurzel.\u00a0F\u00fcr das Bad, ist ein auf die Textur des Felles und der Haut des Tibet Terriers basiertes Shampoo\u00a0angemessen. Nach dem Shampoo benutzen Sie eine pflegende Entwirrungscreme (normalerweise gibt es ein komplettes Sortiment mit Shampoo angepasst). Vor dem Waschen sollte der Hund gr\u00fcndlich geb\u00fcrstet und gek\u00e4mmt werden und keine Knoten mehr haben. Nach dem Bad, das Fell zuerst durch Handdruck gut auswringen, anschliessend mit Badet\u00fcchern, ohne zu rubbeln, gegen das Haar pressen und maximal trocknen. ( Damit das Haar nicht filzt, waschen Sie es wie empfindliche Wolle ).<\/p>\n<p>Trocknen Sie nun mit einem F\u00f6hn zuerst das Unterhaar und dann das Deckhaar mit Hilfe einer B\u00fcrste.<br \/>\nDiese\u00a0\u00a0Ratschl\u00e4ge werden Ihnen helfen, Ihrem vierbeinigen Begleiter ein gepflegtes Aussehen zu bewahren und seine Sch\u00f6nheit zu w\u00fcrdigen<\/p>\n<\/div>\r\n\t\t\t<div class=\"clearer\"><\/div><h2>Standard<\/h2>\n<p>(no. 209 FCI)<\/p>\n<div class=\"one_fourth\"><p>ALLGEMEINES ERSCHEINUNGSBILD<\/p>\n<\/div><div class=\"three_fourths column-last\"><p>Robust, von mittlerer Gr\u00f6sse, langhaarig, mit quadratischer Silhouette, resoluter Ausdruck.<\/p>\n<\/div>\r\n\t\t\t<div class=\"clearer\"><\/div><div class=\"one_fourth\"><p>CHARAKTERISTIKA<\/p>\n<\/div><div class=\"three_fourths column-last\"><p>Lebhaft, gutm\u00fctig. Treuer Kamerad mit vielen einnehmenden Wesensz\u00fcgen.<\/p>\n<\/div>\r\n\t\t\t<div class=\"clearer\"><\/div><div class=\"one_fourth\"><p>WESEN<\/p>\n<\/div><div class=\"three_fourths column-last\"><p>Aus sich herausgehend, wachsam, intelligent und mutig; weder ungest\u00fcm noch streits\u00fcchtig. Fremden gegen\u00fcber zur\u00fcckhaltend.<\/p>\n<\/div>\r\n\t\t\t<div class=\"clearer\"><\/div><div class=\"one_fourth\"><p>GROESSE<\/p>\n<\/div><div class=\"three_fourths column-last\"><p>Schulterh\u00f6he bei R\u00fcden 35,6 bis 40,6 cm, H\u00fcndinnen gerinf\u00fcgig kleiner<\/p>\n<\/div>\r\n\t\t\t<div class=\"clearer\"><\/div><div class=\"one_fourth\"><p>KOPF UND SCHAEDEL<\/p>\n<\/div><div class=\"three_fourths column-last\"><p>Sch\u00e4del von mittlerer L\u00e4nge, weder breit noch grob, von den Ohren zu den Augen hin etwas schmaler werdend, zwischen den Ohren weder gew\u00f6lbt noch v\u00f6llig flach. Jochbein gebogen, aber nicht \u00fcberm\u00e4ssig ausgepr\u00e4gt, so dass es vorgew\u00f6lbt ist. Deutlicher, aber nicht \u00fcbertrieben ausgepr\u00e4gter Stop im H\u00f6he der Augenpartie. Kr\u00e4ftiger Fang, gut entwickelter Unterkiefer. Die L\u00e4nge von den Augen bis zur Nasenspitze ist gleich der L\u00e4nge von den Augen bis zur Sch\u00e4delbasis. Nase schwarz. Kopf reichlich mit langem Haar bedeckt, das nach vorn \u00fcber die Augen f\u00e4llt. Am Unterkiefer befindet sich ein kleiner, nicht \u00fcbertrieben ausgebildeter Bart.<\/p>\n<\/div>\r\n\t\t\t<div class=\"clearer\"><\/div><div class=\"one_fourth\"><p>AUGEN<\/p>\n<\/div><div class=\"three_fourths column-last\"><p>Gross, rund, weder vorquellend noch eingefallen, ziemlich weit auseinanderliegend, dunkelbraun,Augenlider schwarz.<\/p>\n<\/div>\r\n\t\t\t<div class=\"clearer\"><\/div><div class=\"one_fourth\"><p>OHREN<\/p>\n<\/div><div class=\"three_fourths column-last\"><p>H\u00e4ngend, nicht zu dicht am Kopf anliegend getragen,\u00a0 V-f\u00f6rmlich, nicht zu gross, \u00fcppig behaart.<\/p>\n<\/div>\r\n\t\t\t<div class=\"clearer\"><\/div><div class=\"one_fourth\"><p>GEBISS<\/p>\n<\/div><div class=\"three_fourths column-last\"><p>Scherengebiss oder umgekehrtes Scherengebiss. Die Schneidezahnreihe bildet einen leichten Bogen, wobei die Schneidez\u00e4hne in regelm\u00e4ssigem Abstand und senkrecht im Kiefer stehen.<\/p>\n<\/div>\r\n\t\t\t<div class=\"clearer\"><\/div><div class=\"one_fourth\"><p>KOERPER<\/p>\n<\/div><div class=\"three_fourths column-last\"><p>Gut bemuskelt, kompakt und kraftvoll. L\u00e4nge von der Schulterblattspitze zum Rutenansatz gleich Widerristh\u00f6he. Weitzur\u00fcckreichender Brustkorb. R\u00fccken \u00fcber dem Rippenschiff gerade. Lendenpartie kurz, leicht gebogen, gerade Kruppe.<\/p>\n<\/div>\r\n\t\t\t<div class=\"clearer\"><\/div><div class=\"one_fourth\"><p>RUTE<\/p>\n<\/div><div class=\"three_fourths column-last\"><p>Mittellang, ziemlich hoch angesetz und fr\u00f6hlich eingerollt \u00fcber dem R\u00fccken getragen. Sehr \u00fcppig behaart. Ein Knick in der Spitze der Rute kommt oft vor und ist erlaubt.<\/p>\n<\/div>\r\n\t\t\t<div class=\"clearer\"><\/div><div class=\"one_fourth\"><p>PFOTEN<\/p>\n<\/div><div class=\"three_fourths column-last\"><p>Gross, rund, zwischen den Zehen und Ballen reichlich behaart. Gut flach auf den Ballen stehend, keine W\u00f6lbung in den Pfoten..<\/p>\n<\/div>\r\n\t\t\t<div class=\"clearer\"><\/div><div class=\"one_fourth\"><p>VORHAND<\/p>\n<\/div><div class=\"three_fourths column-last\"><p>Stark behaart, Schulter gut schr\u00e4g zur\u00fcckgelagert; L\u00e4ufe gerade und parallel stehend. Vordermittelfuss leicht schr\u00e4g.<\/p>\n<\/div>\r\n\t\t\t<div class=\"clearer\"><\/div><div class=\"one_fourth\"><p>HINTERHAND<\/p>\n<\/div><div class=\"three_fourths column-last\"><p>Stark behaart, Kniegelenk gut gewinkelt, tiefstehende Sprunggelenke.<\/p>\n<\/div>\r\n\t\t\t<div class=\"clearer\"><\/div><div class=\"one_fourth\"><p>HAARKLEID<\/p>\n<\/div><div class=\"three_fourths column-last\"><p>Doppelt. Unterwolle fein und wollig. Deckhaar \u00fcppig, fein jedoch weder seidig oder wollig, lang, glatt oder gewellt, aber nicht lockig.boucl\u00e9.<\/p>\n<\/div>\r\n\t\t\t<div class=\"clearer\"><\/div><div class=\"one_fourth\"><p>FARBE<\/p>\n<\/div><div class=\"three_fourths column-last\"><p>Weiss, gold, creme, grau ober rauchfarben, schwarz, zwei-oder dreifarbig; eigentlich ist jede Farbe mit Ausnahme von schokoladen-oder leberbraun erlaubt.<\/p>\n<\/div>\r\n\t\t\t<div class=\"clearer\"><\/div><div class=\"one_fourth\"><p>GANGART, BEWEGUNG<\/p>\n<\/div><div class=\"three_fourths column-last\"><p>Z\u00fcgig, guter Vortritt, kraftvoller Schub. Im Schritt. In Schritt und Trab sollen die Hinterl\u00e4ufe weder innerhalb noch ausserhalb der Spur der Vorderl\u00e4ufe fussen.<\/p>\n<\/div>\r\n\t\t\t<div class=\"clearer\"><\/div><div class=\"one_half\"><p><a href=\"http:\/\/lha-khang.fantomas.zsite.ch\/wp-content\/uploads\/2013\/09\/Gin_0125_modifi\u00e9-1.jpg\"><img loading=\"lazy\" class=\"aligncenter size-medium wp-image-1133\" alt=\"\" src=\"http:\/\/lha-khang.fantomas.zsite.ch\/wp-content\/uploads\/2013\/09\/Gin_0125_modifi\u00e9-1-300x250.jpg\" width=\"300\" height=\"250\" srcset=\"http:\/\/www.lha-khang.ch\/wp-content\/uploads\/2013\/09\/Gin_0125_modifi\u00e9-1-300x250.jpg 300w, http:\/\/www.lha-khang.ch\/wp-content\/uploads\/2013\/09\/Gin_0125_modifi\u00e9-1-150x125.jpg 150w, http:\/\/www.lha-khang.ch\/wp-content\/uploads\/2013\/09\/Gin_0125_modifi\u00e9-1-80x66.jpg 80w, http:\/\/www.lha-khang.ch\/wp-content\/uploads\/2013\/09\/Gin_0125_modifi\u00e9-1-235x196.jpg 235w, http:\/\/www.lha-khang.ch\/wp-content\/uploads\/2013\/09\/Gin_0125_modifi\u00e9-1.jpg 640w\" sizes=\"(max-width: 300px) 100vw, 300px\" \/><\/a><\/p>\n<\/div><div class=\"one_half column-last\"><p><a href=\"http:\/\/lha-khang.fantomas.zsite.ch\/wp-content\/uploads\/2013\/09\/Bulle09-18_modifi\u00e9-1.jpg\"><img loading=\"lazy\" class=\"aligncenter size-medium wp-image-1134\" alt=\"\" src=\"http:\/\/lha-khang.fantomas.zsite.ch\/wp-content\/uploads\/2013\/09\/Bulle09-18_modifi\u00e9-1-300x249.jpg\" width=\"300\" height=\"249\" srcset=\"http:\/\/www.lha-khang.ch\/wp-content\/uploads\/2013\/09\/Bulle09-18_modifi\u00e9-1-300x249.jpg 300w, http:\/\/www.lha-khang.ch\/wp-content\/uploads\/2013\/09\/Bulle09-18_modifi\u00e9-1-150x124.jpg 150w, http:\/\/www.lha-khang.ch\/wp-content\/uploads\/2013\/09\/Bulle09-18_modifi\u00e9-1-80x66.jpg 80w, http:\/\/www.lha-khang.ch\/wp-content\/uploads\/2013\/09\/Bulle09-18_modifi\u00e9-1-235x195.jpg 235w, http:\/\/www.lha-khang.ch\/wp-content\/uploads\/2013\/09\/Bulle09-18_modifi\u00e9-1.jpg 640w\" sizes=\"(max-width: 300px) 100vw, 300px\" \/><\/a><\/p>\n<\/div>\r\n\t\t\t<div class=\"clearer\"><\/div>","protected":false},"excerpt":{"rendered":"<p>Geschichte der Tibet Terrier SEINE HERKUNFT SEINE EINFUEHRUNG IN DEN WESTEN 100 % BEGLEIT-UND FAMILIENHUND DER BESITZER EINES TIBET TERRIERS SEINE PFLEGE Standard (no. 209 FCI)<\/p>\n","protected":false},"author":1,"featured_media":0,"parent":0,"menu_order":0,"comment_status":"open","ping_status":"open","template":"","meta":[],"_links":{"self":[{"href":"http:\/\/www.lha-khang.ch\/index.php?rest_route=\/wp\/v2\/pages\/94"}],"collection":[{"href":"http:\/\/www.lha-khang.ch\/index.php?rest_route=\/wp\/v2\/pages"}],"about":[{"href":"http:\/\/www.lha-khang.ch\/index.php?rest_route=\/wp\/v2\/types\/page"}],"author":[{"embeddable":true,"href":"http:\/\/www.lha-khang.ch\/index.php?rest_route=\/wp\/v2\/users\/1"}],"replies":[{"embeddable":true,"href":"http:\/\/www.lha-khang.ch\/index.php?rest_route=%2Fwp%2Fv2%2Fcomments&post=94"}],"version-history":[{"count":7,"href":"http:\/\/www.lha-khang.ch\/index.php?rest_route=\/wp\/v2\/pages\/94\/revisions"}],"predecessor-version":[{"id":868,"href":"http:\/\/www.lha-khang.ch\/index.php?rest_route=\/wp\/v2\/pages\/94\/revisions\/868"}],"wp:attachment":[{"href":"http:\/\/www.lha-khang.ch\/index.php?rest_route=%2Fwp%2Fv2%2Fmedia&parent=94"}],"curies":[{"name":"wp","href":"https:\/\/api.w.org\/{rel}","templated":true}]}}